{"id":523,"date":"2024-02-08T11:03:01","date_gmt":"2024-02-08T10:03:01","guid":{"rendered":"https:\/\/quickenergy.at\/?post_type=product&#038;p=523"},"modified":"2025-09-16T20:38:04","modified_gmt":"2025-09-16T18:38:04","slug":"zendure-solarflow-ab2000-erweiterungsbatterie-1920wh","status":"publish","type":"product","link":"https:\/\/quickenergy.at\/en\/produkt\/zendure-solarflow-ab2000-erweiterungsbatterie-1920wh\/","title":{"rendered":"Zendure SolarFlow AB2000S Erweiterungsbatterie 1920Wh"},"content":{"rendered":"<h2>Wie funktioniert SolarFlow?<\/h2>\n<p>Tags\u00fcber wird die von den PV-Modulen erzeugte Energie \u00fcber den PV-Hub zum Mikrowechselrichter geleitet und in Wechselstrom umgewandelt, um die Ger\u00e4te im Haus zu betreiben. \u00dcbersch\u00fcssige Energie wird intelligent in den Akkus gespeichert, um sie in der Nacht nutzen zu k\u00f6nnen. Dies erm\u00f6glicht Einsparungen von bis zu 32% auf der j\u00e4hrlichen Stromrechnung. Die intelligente Kontrolle stellt sicher, dass die \u00fcbersch\u00fcssige Energie effizient gespeichert wird, w\u00e4hrend der PV-Hub (mit einstellbarem Bereich von 100W bis 1200W) standardm\u00e4\u00dfig 600W an den Mikrowechselrichter liefert, um den Strombedarf w\u00e4hrend Spitzenzeiten vollst\u00e4ndig zu decken<\/p>\n<p>In der Nacht wird die \u00fcbersch\u00fcssige Energie, die in den Akkus gespeichert ist (mit der M\u00f6glichkeit auf bis zu 3840Wh Kapazit\u00e4t zu erweitern), genutzt, um eine Vielzahl von Ger\u00e4ten mit Strom zu versorgen. Dabei reicht die Bandbreite von Ger\u00e4ten mit hoher Wattzahl wie Klimaanlagen und K\u00fchlschr\u00e4nken bis hin zu Ger\u00e4ten wie WLAN-Routern, Lampen, Laptops und vielen anderen.<\/p>\n<h2>SolarFlow<\/h2>\n<p>Mit dem SolarFlow pr\u00e4sentiert Zendure als einer der Ersten die M\u00f6glichkeit ein Balkonkraftwerk mit einer Speicherm\u00f6glichkeit zu verbinden. Dank des SolarFlow ist die Versorgung mit Solarenergie \u00fcber eine Mini-PV-Anlage nicht mehr nur auf den Tag beschr\u00e4nkt. Die gewonnene Energie wird, nach Versorgung der Verbraucher, in den Akkus gespeichert und kann so auch in der Nacht oder bei wenig Sonnenschein genutzt werden.<\/p>\n<p>Zur Nutzung des SolarFlow wird mindestens ein Solarpanel, sowie ein Mikrowechselrichter ben\u00f6tigt.<\/p>\n<p><strong>Kompatibel mit einer Vielzahl von Balkonkraftwerken<\/strong><\/p>\n<p>Dank der universellen MC4-Anschl\u00fcsse ist SolarFlow mit 99% der Balkonkraftwerke kompatibel. Das schlie\u00dft beliebte Marken wie Hoymiles, DEYE, Priwatt etc. ein. Diese nahtlose Integration spart Zeit und Geld, da auch bereits vorhandene Balkonkraftwerke einfach und schnell mit dem SolarFlow kombiniert werden k\u00f6nnen. Aufgrund des kompakten, stapelbaren Designs wird nur wenig Platz zur Installation ben\u00f6tigt und die Verkabelung wird auf ein Minimum beschr\u00e4nkt.<\/p>\n<p><strong>Wasserdichter Schutz<\/strong><\/p>\n<p>Der PowerHub, sowie die Akkus werden von einer robusten Metalloberfl\u00e4che gesch\u00fctzt und weisen die Schutzklasse IP65 auf, die vollst\u00e4ndigen Schutz gegen Staub und Wasser bietet. Das Set kann innerhalb, sowie au\u00dferhalb des Wohnraums installiert werden.<\/p>\n<p><strong>Zendure App<\/strong><\/p>\n<p>Mit der Zendure App hast du die M\u00f6glichkeit den SolarFlow zu \u00fcberwachen und Einstellungen zu \u00e4ndern. Die Informationen werden in Echtzeit angezeigt, inklusive Wetter und \u00d6kostrom-Verbrauch, um die optimale Konfiguration f\u00fcr dein System vornehmen zu k\u00f6nnen. Auch die Abfrage von historischen Daten ist mit der App m\u00f6glich<\/p>\n<p><strong>Wichtige Eigenschaften der AB2000 Add-On Batterie:<\/strong><\/p>\n<ul>\n<li>Gesamtkapazit\u00e4t von 7.680 Wh m\u00f6glich (modulare Erweiterung)<\/li>\n<li>Kompatibel mit der Zendure AB1000 Zusatzbatterie<\/li>\n<li>IP65 Wasserdichter Schutz<\/li>\n<li>\u00dcberwachung und Steuerung \u00fcber App m\u00f6glich<\/li>\n<li>10 Jahre Herstellergarantie<\/li>\n<li>Einfache Integration<\/li>\n<\/ul>\n<p>Die SolarFlow AB2000 Akkus erfordern zur Nutzung zus\u00e4tzliche Komponenten. Hierzu z\u00e4hlen der Smart PV-Hub, mindestens ein Solarpanel und einen Mikrowechselrichter.<\/p>\n","protected":false},"excerpt":{"rendered":"<p>Der AB2000 von Zendure\u00a0ist ein Zusatzakku, der mithilfe von LiFePO4-Technologie \u00fcbersch\u00fcssige Energie, die durch ein Balkonkraftwerk erzeugt wird, speichert. Dank seiner SolarFlow-Funktion ist die Nutzung von Solarenergie \u00fcber eine Mini-Photovoltaikanlage nicht mehr auf den Tageszeitraum beschr\u00e4nkt. Die erzeugte Energie wird zun\u00e4chst verwendet, um die elektrischen Verbraucher zu versorgen. Der \u00fcbersch\u00fcssige Strom wird in den Akkus gespeichert und kann somit auch in den Abendstunden oder bei geringer Sonneneinstrahlung genutzt werden.<\/p>\n<p><strong>Technische Daten AB2000:<\/strong><\/p>\n<ul>\n<li>Kapazit\u00e4t: 1920Wh (40Ah \/ 48V)<\/li>\n<li>Batterietyp: LiFePO4<\/li>\n<li>Max. Erweiterungskapazit\u00e4t: 4 x 1920Wh = 7680 Wh<\/li>\n<li>Ladetemperatur Entladung: -20\u00b0C &#8211; +55\u00b0C<\/li>\n<li>Temperatur: -20\u00b0C &#8211; +60\u00b0C<\/li>\n<li>Schutzart: IP65<\/li>\n<li>Gewicht: 25 kg<\/li>\n<li>Abmessungen: 450 x 280 x 420mm<\/li>\n<\/ul>\n<h5>Die AB2000 Erweiterungsbatterie ist erst wieder Mitte Mai verf\u00fcgbar. Vorbestellungen sind m\u00f6glich.<\/h5>\n","protected":false},"featured_media":525,"template":"","meta":[],"product_brand":[],"product_cat":[132,50],"product_tag":[],"class_list":{"0":"post-523","1":"product","2":"type-product","3":"status-publish","4":"has-post-thumbnail","6":"product_cat-zubehor","7":"product_cat-zubehoer-balkonkraftwerke","9":"first","10":"instock","11":"taxable","12":"shipping-taxable","13":"purchasable","14":"product-type-simple"},"_links":{"self":[{"href":"https:\/\/quickenergy.at\/en\/wp-json\/wp\/v2\/product\/523","targetHints":{"allow":["GET"]}}],"collection":[{"href":"https:\/\/quickenergy.at\/en\/wp-json\/wp\/v2\/product"}],"about":[{"href":"https:\/\/quickenergy.at\/en\/wp-json\/wp\/v2\/types\/product"}],"version-history":[{"count":2,"href":"https:\/\/quickenergy.at\/en\/wp-json\/wp\/v2\/product\/523\/revisions"}],"predecessor-version":[{"id":20642,"href":"https:\/\/quickenergy.at\/en\/wp-json\/wp\/v2\/product\/523\/revisions\/20642"}],"wp:featuredmedia":[{"embeddable":true,"href":"https:\/\/quickenergy.at\/en\/wp-json\/wp\/v2\/media\/525"}],"wp:attachment":[{"href":"https:\/\/quickenergy.at\/en\/wp-json\/wp\/v2\/media?parent=523"}],"wp:term":[{"taxonomy":"product_brand","embeddable":true,"href":"https:\/\/quickenergy.at\/en\/wp-json\/wp\/v2\/product_brand?post=523"},{"taxonomy":"product_cat","embeddable":true,"href":"https:\/\/quickenergy.at\/en\/wp-json\/wp\/v2\/product_cat?post=523"},{"taxonomy":"product_tag","embeddable":true,"href":"https:\/\/quickenergy.at\/en\/wp-json\/wp\/v2\/product_tag?post=523"}],"curies":[{"name":"wp","href":"https:\/\/api.w.org\/{rel}","templated":true}]}}