{"id":349,"date":"2024-01-08T11:47:39","date_gmt":"2024-01-08T10:47:39","guid":{"rendered":"https:\/\/wolfbiz.at\/quickenergy\/?post_type=product&#038;p=349"},"modified":"2025-09-16T21:35:04","modified_gmt":"2025-09-16T19:35:04","slug":"smartplug","status":"publish","type":"product","link":"https:\/\/quickenergy.at\/en\/produkt\/smartplug\/","title":{"rendered":"Smartplug"},"content":{"rendered":"<h2>Produktbeschreibung<\/h2>\n<p><strong>Das Zendure SolarFlow System<\/strong><\/p>\n<p>Tags\u00fcber wird die von den PV-Modulen erzeugte Energie \u00fcber den PV-Hub zum Mikrowechselrichter geleitet und in Wechselstrom umgewandelt, um die Ger\u00e4te im Haus zu betreiben. \u00dcbersch\u00fcssige Energie wird intelligent in den Akkus gespeichert, um sie in der Nacht nutzen zu k\u00f6nnen. Dies erm\u00f6glicht Einsparungen von bis zu 32% auf der j\u00e4hrlichen Stromrechnung. Die intelligente Kontrolle stellt sicher, dass die \u00fcbersch\u00fcssige Energie effizient gespeichert wird, w\u00e4hrend der PV-Hub (mit einstellbarem Bereich von 100W bis 1200W) standardm\u00e4\u00dfig 600W an den Mikrowechselrichter liefert, um den Strombedarf w\u00e4hrend Spitzenzeiten vollst\u00e4ndig zu decken<\/p>\n<p>In der Nacht wird die \u00fcbersch\u00fcssige Energie, die in den Akkus gespeichert ist (mit der M\u00f6glichkeit auf bis zu 3840Wh Kapazit\u00e4t zu erweitern), genutzt, um eine Vielzahl von Ger\u00e4ten mit Strom zu versorgen. Dabei reicht die Bandbreite von Ger\u00e4ten mit hoher Wattzahl wie Klimaanlagen und K\u00fchlschr\u00e4nken bis hin zu Ger\u00e4ten wie WLAN-Routern, Lampen, Laptops und vielen anderen.<\/p>\n<p><strong>Die Zendure App<\/strong><\/p>\n<p>Mit der Zendure App hast du die M\u00f6glichkeit den SolarFlow zu \u00fcberwachen und Einstellungen zu \u00e4ndern. Die Informationen werden in Echtzeit angezeigt, inklusive Wetter und \u00d6kostrom-Verbrauch, um die optimale Konfiguration f\u00fcr dein System vornehmen zu k\u00f6nnen. Auch die Abfrage von historischen Daten ist mit der App m\u00f6glich.<\/p>\n<p><strong>Eigene Smart-Home Szenarien erstellen<\/strong><\/p>\n<p>Der Smart Plug erm\u00f6glicht eine nahtlose Smart-Home-Integration in dein Zuhause, indem er Ihnen die Kontrolle \u00fcber Ger\u00e4te wie zum Beispiel Kaffeemaschinen, Lampen oder Waschmaschinen \u00fcber eine benutzerfreundliche App erm\u00f6glicht. Stelle individuelle Zeitpl\u00e4ne ein, um den Betrieb der Ger\u00e4te nach deinen W\u00fcnschen zu steuern und so sowohl Komfort als auch Energieeffizienz zu maximieren. Mit dieser intelligenten L\u00f6sung haben Sie die volle Kontrolle \u00fcber Ihre Haushaltsger\u00e4te und k\u00f6nnen sie ganz einfach aus der Ferne steuern \u2013 f\u00fcr ein bequemes, flexibles und effizientes Smart Home-Erlebnis.<\/p>\n<p><strong>Weitere Funktionen des Smart Plugs<\/strong><\/p>\n<p>Durch die intelligente PV-Verkn\u00fcpfung wird Solarstrom automatisch an die Last angepasst, optimiert die Energieausnutzung und spart Kosten. Die Echtzeit\u00fcberwachung des Ger\u00e4ts liefert Komfort und Bedienungsfreundlichkeit. Nutze die detaillierte Stromverbrauchsanalyse in verschiedenen Zeitr\u00e4umen, um Ihre Heimstroml\u00f6sungen zu optimieren, w\u00e4hrend der integrierte elektrische Schutz, inklusive \u00dcberstrom-, \u00dcberlast- und \u00dcberspannungsschutz sowie Kindersicherungsfunktion, die Sicherheit Ihrer Installation erh\u00f6ht.<\/p>\n<p>&nbsp;<\/p>\n<h2>Steuerfreie Bestellung in \u00d6sterreich (\u00a7 28 Abs. 62 UStG 1994) &#8211; So geht&#8217;s:<\/h2>\n<ul>\n<li>Legen Sie ihre gew\u00fcnschten Artikel in den Warenkorb<\/li>\n<li>Im Checkout setzen Sie den Haken in der Box &#8220;Steuerfreie Lieferung&#8221;<\/li>\n<li>Ihr Warenkorb l\u00e4dt neu und bei allen berechtigten Artikeln wird die Steuer auf 0% reduziert<\/li>\n<li>Hier finden Sie die\u00a0<a href=\"https:\/\/quickenergy.at\/?page_id=19032\">Voraussetzungen<\/a>\u00a0zur steuerfreien Bestellung.<\/li>\n<\/ul>\n","protected":false},"excerpt":{"rendered":"<p><strong>Preis pro St\u00fcck<\/strong><\/p>\n<ul>\n<li>Echtzeit-\u00dcberwachung<\/li>\n<li>Fernsteuerung \u00fcber die Zendure App<\/li>\n<li>Sprachsteuerung \u00fcber Alexa und Google Assistent<\/li>\n<li>Strom\u00fcberwachung: \u00dcberwachung des t\u00e4glichen, w\u00f6chentlichen &amp; monatlichen Stromverbrauchs<\/li>\n<li>Zeitplan \u00fcber den Energieverbrauch<\/li>\n<li>\u00dcberlastungs- und \u00dcberspannungsschutz, integrierte Kindersicherung<\/li>\n<li>Solid-State-Relais<\/li>\n<\/ul>\n","protected":false},"featured_media":350,"template":"","meta":[],"product_brand":[],"product_cat":[41,53],"product_tag":[],"class_list":{"0":"post-349","1":"product","2":"type-product","3":"status-publish","4":"has-post-thumbnail","6":"product_cat-stromspeicher","7":"product_cat-zubehoer-stromspeicher","9":"first","10":"instock","11":"taxable","12":"shipping-taxable","13":"purchasable","14":"product-type-simple"},"_links":{"self":[{"href":"https:\/\/quickenergy.at\/en\/wp-json\/wp\/v2\/product\/349","targetHints":{"allow":["GET"]}}],"collection":[{"href":"https:\/\/quickenergy.at\/en\/wp-json\/wp\/v2\/product"}],"about":[{"href":"https:\/\/quickenergy.at\/en\/wp-json\/wp\/v2\/types\/product"}],"version-history":[{"count":2,"href":"https:\/\/quickenergy.at\/en\/wp-json\/wp\/v2\/product\/349\/revisions"}],"predecessor-version":[{"id":21788,"href":"https:\/\/quickenergy.at\/en\/wp-json\/wp\/v2\/product\/349\/revisions\/21788"}],"wp:featuredmedia":[{"embeddable":true,"href":"https:\/\/quickenergy.at\/en\/wp-json\/wp\/v2\/media\/350"}],"wp:attachment":[{"href":"https:\/\/quickenergy.at\/en\/wp-json\/wp\/v2\/media?parent=349"}],"wp:term":[{"taxonomy":"product_brand","embeddable":true,"href":"https:\/\/quickenergy.at\/en\/wp-json\/wp\/v2\/product_brand?post=349"},{"taxonomy":"product_cat","embeddable":true,"href":"https:\/\/quickenergy.at\/en\/wp-json\/wp\/v2\/product_cat?post=349"},{"taxonomy":"product_tag","embeddable":true,"href":"https:\/\/quickenergy.at\/en\/wp-json\/wp\/v2\/product_tag?post=349"}],"curies":[{"name":"wp","href":"https:\/\/api.w.org\/{rel}","templated":true}]}}