{"id":344,"date":"2024-01-08T11:36:32","date_gmt":"2024-01-08T10:36:32","guid":{"rendered":"https:\/\/wolfbiz.at\/quickenergy\/?post_type=product&#038;p=344"},"modified":"2025-06-19T01:39:42","modified_gmt":"2025-06-18T23:39:42","slug":"hoymiles-dtu-app","status":"publish","type":"product","link":"https:\/\/quickenergy.at\/en\/produkt\/hoymiles-dtu-app\/","title":{"rendered":"Hoymiles DTU Lite"},"content":{"rendered":"<h2>Steuerfreie Bestellung in \u00d6sterreich (\u00a7 28 Abs. 62 UStG 1994) &#8211; So geht&#8217;s:<\/h2>\n<ul>\n<li>Legen Sie ihre gew\u00fcnschten Artikel in den Warenkorb<\/li>\n<li>Im Checkout setzen Sie den Haken in der Box &#8220;Steuerfreie Lieferung&#8221;<\/li>\n<li>Ihr Warenkorb l\u00e4dt neu und bei allen berechtigten Artikeln wird die Steuer auf 0% reduziert<\/li>\n<li>Hier finden Sie die\u00a0<a href=\"https:\/\/quickenergy.at\/faq\/\">Voraussetzungen<\/a>\u00a0zur steuerfreien Bestellung.<\/li>\n<\/ul>\n","protected":false},"excerpt":{"rendered":"<p>Das Hoymiles-Gateway DTU-Lite ist eine Daten\u00fcbertragungseinheit, die Informationen und Daten von Mikrowechselrichtern mit Hilfe von drahtloser 2.4G-Kommunikation erfasst und sie \u00fcber WLAN-Technologie an das Hoymiles-\u00dcberwachungssystem S-Miles Cloud \u00fcbermittelt.<\/p>\n","protected":false},"featured_media":345,"template":"","meta":[],"product_brand":[],"product_cat":[132,50],"product_tag":[],"class_list":{"0":"post-344","1":"product","2":"type-product","3":"status-publish","4":"has-post-thumbnail","6":"product_cat-zubehor","7":"product_cat-zubehoer-balkonkraftwerke","9":"first","10":"outofstock","11":"taxable","12":"shipping-taxable","13":"purchasable","14":"product-type-simple"},"_links":{"self":[{"href":"https:\/\/quickenergy.at\/en\/wp-json\/wp\/v2\/product\/344","targetHints":{"allow":["GET"]}}],"collection":[{"href":"https:\/\/quickenergy.at\/en\/wp-json\/wp\/v2\/product"}],"about":[{"href":"https:\/\/quickenergy.at\/en\/wp-json\/wp\/v2\/types\/product"}],"version-history":[{"count":2,"href":"https:\/\/quickenergy.at\/en\/wp-json\/wp\/v2\/product\/344\/revisions"}],"predecessor-version":[{"id":19093,"href":"https:\/\/quickenergy.at\/en\/wp-json\/wp\/v2\/product\/344\/revisions\/19093"}],"wp:featuredmedia":[{"embeddable":true,"href":"https:\/\/quickenergy.at\/en\/wp-json\/wp\/v2\/media\/345"}],"wp:attachment":[{"href":"https:\/\/quickenergy.at\/en\/wp-json\/wp\/v2\/media?parent=344"}],"wp:term":[{"taxonomy":"product_brand","embeddable":true,"href":"https:\/\/quickenergy.at\/en\/wp-json\/wp\/v2\/product_brand?post=344"},{"taxonomy":"product_cat","embeddable":true,"href":"https:\/\/quickenergy.at\/en\/wp-json\/wp\/v2\/product_cat?post=344"},{"taxonomy":"product_tag","embeddable":true,"href":"https:\/\/quickenergy.at\/en\/wp-json\/wp\/v2\/product_tag?post=344"}],"curies":[{"name":"wp","href":"https:\/\/api.w.org\/{rel}","templated":true}]}}