{"id":244,"date":"2023-12-21T16:42:01","date_gmt":"2023-12-21T15:42:01","guid":{"rendered":"https:\/\/wolfbiz.at\/quickenergy\/?post_type=product&#038;p=244"},"modified":"2025-04-22T16:03:07","modified_gmt":"2025-04-22T14:03:07","slug":"hanergy-flex-paneel-385w","status":"publish","type":"product","link":"https:\/\/quickenergy.at\/en\/produkt\/hanergy-flex-paneel-385w\/","title":{"rendered":"Hanergy Flex Paneel 385W"},"content":{"rendered":"<h2>Produktausstattung<\/h2>\n<ul>\n<li class=\"con-kit-quark con-kit-quark-unordered-list__text\">wiegt nur 4,9 kg<\/li>\n<li class=\"con-kit-quark con-kit-quark-unordered-list__text\">ist biegsam<\/li>\n<li class=\"con-kit-quark con-kit-quark-unordered-list__text\">braucht keine Unterkonstruktion<\/li>\n<li class=\"con-kit-quark con-kit-quark-unordered-list__text\">kann direkt auf W\u00e4nde, Fassaden, D\u00e4cher geklebt werden<\/li>\n<li class=\"con-kit-quark con-kit-quark-unordered-list__text\">das Paneel kann mit \u00d6sen versehen werden<\/li>\n<li class=\"con-kit-quark con-kit-quark-unordered-list__text\">ideal f\u00fcr Wohnw\u00e4gen, Boote<\/li>\n<li class=\"con-kit-quark con-kit-quark-unordered-list__text\">Hohe Leistung, wenig Gewicht<\/li>\n<li class=\"con-kit-quark con-kit-quark-unordered-list__text\">einfache Verbindung in Serie<\/li>\n<li class=\"con-kit-quark con-kit-quark-unordered-list__text\">Ma\u00dfe: 1840 x 1040 x 1,7 mm<\/li>\n<\/ul>\n<p>&nbsp;<\/p>\n<h2>Steuerfreie Bestellung in \u00d6sterreich (\u00a7 28 Abs. 62 UStG 1994) &#8211; So geht&#8217;s:<\/h2>\n<ul>\n<li>Legen Sie ihre gew\u00fcnschten Artikel in den Warenkorb<\/li>\n<li>Im Checkout setzen Sie den Haken in der Box &#8220;Steuerfreie Lieferung&#8221;<\/li>\n<li>Ihr Warenkorb l\u00e4dt neu und bei allen berechtigten Artikeln wird die Steuer auf 0% reduziert<\/li>\n<li>Hier finden Sie die\u00a0<a href=\"https:\/\/quickenergy.at\/faq\/\">Voraussetzungen<\/a>\u00a0zur steuerfreien Bestellung.<\/li>\n<\/ul>\n","protected":false},"excerpt":{"rendered":"<p>Das Hanergy Flex Paneel 385 ist sehr leicht und wiegt nur 4,9 kg. Es ist biegsam und braucht keine Unterkonstruktion, es kann direkt auf W\u00e4nde, Fassaden oder D\u00e4cher geklebt werden, es kann auch mit \u00d6sen versehen werden.<\/p>\n<p>Dieses Solarpaneel ist auch ideal f\u00fcr Wohnwagen oder Boote.<\/p>\n<p>Hohe Leistung, wenig Gewicht und einfache Verbindung in Serie.<\/p>\n<p><a href=\"https:\/\/quickenergy.at\/wp-content\/uploads\/2024\/01\/1_Hanergy-Mono-Flex-365-385w.pdf\" target=\"_blank\" rel=\"noopener\">Download Produktdatenblatt<\/a><\/p>\n","protected":false},"featured_media":561,"template":"","meta":[],"product_brand":[],"product_cat":[49],"product_tag":[],"class_list":{"0":"post-244","1":"product","2":"type-product","3":"status-publish","4":"has-post-thumbnail","6":"product_cat-photovoltaikanlagen","8":"first","9":"instock","10":"taxable","11":"shipping-taxable","12":"purchasable","13":"product-type-simple"},"_links":{"self":[{"href":"https:\/\/quickenergy.at\/en\/wp-json\/wp\/v2\/product\/244","targetHints":{"allow":["GET"]}}],"collection":[{"href":"https:\/\/quickenergy.at\/en\/wp-json\/wp\/v2\/product"}],"about":[{"href":"https:\/\/quickenergy.at\/en\/wp-json\/wp\/v2\/types\/product"}],"version-history":[{"count":0,"href":"https:\/\/quickenergy.at\/en\/wp-json\/wp\/v2\/product\/244\/revisions"}],"wp:featuredmedia":[{"embeddable":true,"href":"https:\/\/quickenergy.at\/en\/wp-json\/wp\/v2\/media\/561"}],"wp:attachment":[{"href":"https:\/\/quickenergy.at\/en\/wp-json\/wp\/v2\/media?parent=244"}],"wp:term":[{"taxonomy":"product_brand","embeddable":true,"href":"https:\/\/quickenergy.at\/en\/wp-json\/wp\/v2\/product_brand?post=244"},{"taxonomy":"product_cat","embeddable":true,"href":"https:\/\/quickenergy.at\/en\/wp-json\/wp\/v2\/product_cat?post=244"},{"taxonomy":"product_tag","embeddable":true,"href":"https:\/\/quickenergy.at\/en\/wp-json\/wp\/v2\/product_tag?post=244"}],"curies":[{"name":"wp","href":"https:\/\/api.w.org\/{rel}","templated":true}]}}