{"id":22228,"date":"2025-12-11T20:08:36","date_gmt":"2025-12-11T19:08:36","guid":{"rendered":"https:\/\/quickenergy.at\/?post_type=product&#038;p=22228"},"modified":"2026-01-09T09:58:40","modified_gmt":"2026-01-09T08:58:40","slug":"solarpaket-10-kwp-premium","status":"publish","type":"product","link":"https:\/\/quickenergy.at\/en\/produkt\/solarpaket-10-kwp-premium\/","title":{"rendered":"SolarPaket 10 kWp Premium"},"content":{"rendered":"<h1 data-start=\"104\" data-end=\"137\">\u2b50 <strong data-start=\"108\" data-end=\"137\">SolarPaket 10 kWp Premium<\/strong><\/h1>\n<p data-start=\"139\" data-end=\"181\">Dieses Paket basiert auf deinen Produkten:<\/p>\n<ul data-start=\"183\" data-end=\"864\">\n<li data-start=\"183\" data-end=\"363\">\n<p data-start=\"185\" data-end=\"363\"><strong data-start=\"185\" data-end=\"222\">22\u00d7 Thornova \/ Sunova 400W Module<\/strong><br data-start=\"222\" data-end=\"225\" \/>(N-Type, bifacial, Full Black, hohe Effizienz, 30 Jahre lineare Garantie)<br data-start=\"300\" data-end=\"303\" \/><button class=\"ms-1 flex h-[25px] text-[10px] leading-[13px] rounded-xl corner-superellipse\/1.1 items-center justify-center gap-1 px-2 relative text-token-text-secondary! hover:text-token-text-primary! hover:bg-token-bg-secondary dark:bg-token-main-surface-secondary dark:hover:bg-token-bg-secondary bg-[#f4f4f4] \"><\/button><\/p>\n<\/li>\n<li data-start=\"365\" data-end=\"573\">\n<p data-start=\"367\" data-end=\"573\"><strong data-start=\"367\" data-end=\"432\">Huawei SUN2000-10KTL-M1 Wechselrichter (High Current Version)<\/strong><br data-start=\"432\" data-end=\"435\" \/>(98,6 % Wirkungsgrad, 2 MPPT, Batterie-ready, aktive Sicherheit, 4G\/WLAN)<br data-start=\"510\" data-end=\"513\" \/><button class=\"ms-1 flex h-[25px] text-[10px] leading-[13px] rounded-xl corner-superellipse\/1.1 items-center justify-center gap-1 px-2 relative text-token-text-secondary! hover:text-token-text-primary! hover:bg-token-bg-secondary dark:bg-token-main-surface-secondary dark:hover:bg-token-bg-secondary bg-[#f4f4f4] \"><\/button><\/p>\n<\/li>\n<li data-start=\"575\" data-end=\"736\">\n<p data-start=\"577\" data-end=\"736\"><strong data-start=\"577\" data-end=\"628\">Huawei LUNA2000 Speicher-Kompatibilit\u00e4t m\u00f6glich<\/strong><br data-start=\"628\" data-end=\"631\" \/>Falls Speicher-Upgrade: 5\u201330 kWh modular<\/p>\n<\/li>\n<li data-start=\"738\" data-end=\"864\">\n<p data-start=\"740\" data-end=\"864\"><strong data-start=\"740\" data-end=\"785\">Chint Smart Meter (Netz-\/Einspeisez\u00e4hler)<\/strong><br data-start=\"785\" data-end=\"788\" \/>F\u00fcr exakte Verbrauchs- &amp; Produktionsmessung, kompatibel zum Huawei-System.<\/p>\n<\/li>\n<\/ul>\n<h1 data-start=\"871\" data-end=\"927\"><\/h1>\n<h1 data-start=\"871\" data-end=\"927\"><\/h1>\n<h1 data-start=\"871\" data-end=\"927\">\ud83d\udd25 <strong data-start=\"876\" data-end=\"927\">Produktbeschreibung \u2013 SolarPaket 10 kWp Premium<\/strong><\/h1>\n<p data-start=\"929\" data-end=\"1147\">Das <strong data-start=\"933\" data-end=\"962\">SolarPaket 10 kWp Premium<\/strong> kombiniert modernste N-Type Solartechnik, einen der effizientesten Wechselrichter am Markt und ein pr\u00e4zises Smart Metering-System zu einer hochqualitativen Photovoltaik-Komplettl\u00f6sung.<\/p>\n<p data-start=\"1149\" data-end=\"1517\">Die <strong data-start=\"1153\" data-end=\"1201\">bifacialen Thornova\/Sunova Full Black Module<\/strong> liefern dank N-Type Technologie bis zu 30 % mehr Energie, selbst bei schwacher Sonneneinstrahlung (Seitenr\u00fcckgewinnung, niedriger Temperaturkoeffizient).<br data-start=\"1355\" data-end=\"1358\" \/>\u2192 Leistungswerte laut Datenblatt (Seite 1): hohe Effizienz, 30 Jahre Garantie, geringe j\u00e4hrliche Degradation von nur 0,4% <button class=\"ms-1 flex h-[25px] text-[10px] leading-[13px] rounded-xl corner-superellipse\/1.1 items-center justify-center gap-1 px-2 relative text-token-text-secondary! hover:text-token-text-primary! hover:bg-token-bg-secondary dark:bg-token-main-surface-secondary dark:hover:bg-token-bg-secondary bg-[#f4f4f4] \"><\/button><\/p>\n<p data-start=\"1519\" data-end=\"1889\">Der <strong data-start=\"1523\" data-end=\"1550\">Huawei SUN2000-10KTL-M1<\/strong> Wechselrichter bietet eine Spitzenleistung mit bis zu <strong data-start=\"1605\" data-end=\"1624\">98,6% Effizienz<\/strong>, aktiver Lichtbogen\u00fcberwachung, 2 MPP-Trackern und einer voll integrierten &#8220;Battery Ready&#8221;-Funktion f\u00fcr sp\u00e4tere Speicheraufr\u00fcstung.<br data-start=\"1756\" data-end=\"1759\" \/>\u2192 Technische Werte laut Datenblatt Seite 2, max. Effizienz 98,6 %, 12 kWp PV-Input empfohlen <button class=\"ms-1 flex h-[25px] text-[10px] leading-[13px] rounded-xl corner-superellipse\/1.1 items-center justify-center gap-1 px-2 relative text-token-text-secondary! hover:text-token-text-primary! hover:bg-token-bg-secondary dark:bg-token-main-surface-secondary dark:hover:bg-token-bg-secondary bg-[#f4f4f4] \"><\/button><\/p>\n<p data-start=\"1891\" data-end=\"2038\">Mit dem <strong data-start=\"1899\" data-end=\"1920\">Chint Smart Meter<\/strong> \u00fcberwacht das System in Echtzeit Energieproduktion, Verbrauch und Einspeisung \u2013 ideal f\u00fcr pr\u00e4zises Energiemanagement.<\/p>\n<h3 data-start=\"356\" data-end=\"407\"><strong data-start=\"360\" data-end=\"407\">\ud83d\udce6 Lieferumfang \u2013 SolarPaket 10 kWp Premium<\/strong><\/h3>\n<ul data-start=\"408\" data-end=\"812\">\n<li data-start=\"408\" data-end=\"496\">\n<p data-start=\"410\" data-end=\"496\"><strong data-start=\"410\" data-end=\"458\">22\u00d7 Thornova \/ Sunova 450W Full Black Module<\/strong><br data-start=\"458\" data-end=\"461\" \/>Gesamtleistung: ca. <strong data-start=\"483\" data-end=\"494\">9,9 kWp<\/strong><\/p>\n<\/li>\n<li data-start=\"497\" data-end=\"546\">\n<p data-start=\"499\" data-end=\"546\"><strong data-start=\"499\" data-end=\"544\">1\u00d7 Huawei SUN2000-10KTL-M1 Wechselrichter<\/strong><\/p>\n<\/li>\n<li data-start=\"547\" data-end=\"586\">\n<p data-start=\"549\" data-end=\"586\"><strong data-start=\"549\" data-end=\"584\">1\u00d7 Chint Smart Meter (3-phasig)<\/strong><\/p>\n<\/li>\n<li data-start=\"587\" data-end=\"722\">\n<p data-start=\"589\" data-end=\"722\"><strong data-start=\"589\" data-end=\"643\">1\u00d7 Huawei LUNA2000-10-S0 Batteriespeicher (10 kWh)<\/strong><br data-start=\"643\" data-end=\"646\" \/>\u2013 bestehend aus:<br data-start=\"664\" data-end=\"667\" \/>\u2022 1\u00d7 Leistungsmodul<br data-start=\"688\" data-end=\"691\" \/>\u2022 2\u00d7 Batteriemodule \u00e0 5 kWh<\/p>\n<\/li>\n<li data-start=\"723\" data-end=\"753\">\n<p data-start=\"725\" data-end=\"753\"><strong data-start=\"725\" data-end=\"751\">DC-Kabel\u00a0\u00a0\u00a0\u00a0&amp; MC4-Stecker<\/strong><\/p>\n<\/li>\n<li data-start=\"754\" data-end=\"812\">\n<p data-start=\"756\" data-end=\"812\"><strong data-start=\"756\" data-end=\"769\">Optional:<\/strong> Montagesystem f\u00fcr Schr\u00e4g- oder Flachdach<\/p>\n<\/li>\n<\/ul>\n","protected":false},"excerpt":{"rendered":"<p>Hochwertige <strong data-start=\"95\" data-end=\"123\">10 kWp PV-Komplettanlage<\/strong> mit 22 Solarmodulen, 10 kW Wechselrichter und Smartmeter. Perfekt abgestimmt f\u00fcr maximale Stromerzeugung \u2013 inkl. <strong data-start=\"237\" data-end=\"276\">kostenloser Lieferung in \u00d6sterreich<\/strong>.<\/p>\n<p><strong><a href=\"https:\/\/quickenergy.at\/wp-content\/uploads\/2025\/12\/Thornova_450W_Datenblatt.pdf\" target=\"_blank\" rel=\"noopener\">Datenblatt<\/a><\/strong><\/p>\n<p>&nbsp;<\/p>\n","protected":false},"featured_media":22737,"template":"","meta":[],"product_brand":[],"product_cat":[49],"product_tag":[],"class_list":{"0":"post-22228","1":"product","2":"type-product","3":"status-publish","4":"has-post-thumbnail","6":"product_cat-photovoltaikanlagen","8":"first","9":"instock","10":"sale","11":"taxable","12":"shipping-taxable","13":"purchasable","14":"product-type-simple"},"_links":{"self":[{"href":"https:\/\/quickenergy.at\/en\/wp-json\/wp\/v2\/product\/22228","targetHints":{"allow":["GET"]}}],"collection":[{"href":"https:\/\/quickenergy.at\/en\/wp-json\/wp\/v2\/product"}],"about":[{"href":"https:\/\/quickenergy.at\/en\/wp-json\/wp\/v2\/types\/product"}],"version-history":[{"count":10,"href":"https:\/\/quickenergy.at\/en\/wp-json\/wp\/v2\/product\/22228\/revisions"}],"predecessor-version":[{"id":22740,"href":"https:\/\/quickenergy.at\/en\/wp-json\/wp\/v2\/product\/22228\/revisions\/22740"}],"wp:featuredmedia":[{"embeddable":true,"href":"https:\/\/quickenergy.at\/en\/wp-json\/wp\/v2\/media\/22737"}],"wp:attachment":[{"href":"https:\/\/quickenergy.at\/en\/wp-json\/wp\/v2\/media?parent=22228"}],"wp:term":[{"taxonomy":"product_brand","embeddable":true,"href":"https:\/\/quickenergy.at\/en\/wp-json\/wp\/v2\/product_brand?post=22228"},{"taxonomy":"product_cat","embeddable":true,"href":"https:\/\/quickenergy.at\/en\/wp-json\/wp\/v2\/product_cat?post=22228"},{"taxonomy":"product_tag","embeddable":true,"href":"https:\/\/quickenergy.at\/en\/wp-json\/wp\/v2\/product_tag?post=22228"}],"curies":[{"name":"wp","href":"https:\/\/api.w.org\/{rel}","templated":true}]}}