{"id":19070,"date":"2025-06-19T00:38:09","date_gmt":"2025-06-18T22:38:09","guid":{"rendered":"https:\/\/quickenergy.at\/?post_type=product&#038;p=19070"},"modified":"2025-09-23T18:04:58","modified_gmt":"2025-09-23T16:04:58","slug":"balkonkraftwerk-800-wp-ohne-batteriespeicher","status":"publish","type":"product","link":"https:\/\/quickenergy.at\/en\/produkt\/balkonkraftwerk-800-wp-ohne-batteriespeicher\/","title":{"rendered":"Balkonkraftwerk 800 Wp ohne Batteriespeicher"},"content":{"rendered":"<h2><span dir=\"auto\" style=\"vertical-align: inherit;\"><span dir=\"auto\" style=\"vertical-align: inherit;\">Produktmerkmale<\/span><\/span><\/h2>\n<p><strong><span dir=\"auto\" style=\"vertical-align: inherit;\"><span dir=\"auto\" style=\"vertical-align: inherit;\">Lieferumfang:<\/span><\/span><\/strong><\/p>\n<ul>\n<li><span dir=\"auto\" style=\"vertical-align: inherit;\"><span dir=\"auto\" style=\"vertical-align: inherit;\">2 x Glas\/Glas 460W Module<\/span><\/span><\/li>\n<li><span dir=\"auto\" style=\"vertical-align: inherit;\"><span dir=\"auto\" style=\"vertical-align: inherit;\">1x Zendure SolarFlow Hyper 2000r Wechselrichter<\/span><\/span><\/li>\n<li><span dir=\"auto\" style=\"vertical-align: inherit;\"><span dir=\"auto\" style=\"vertical-align: inherit;\">2 x MC4-Steckerpaare<\/span><\/span><\/li>\n<li><span dir=\"auto\" style=\"vertical-align: inherit;\"><span dir=\"auto\" style=\"vertical-align: inherit;\">2 x Smart Plug<\/span><\/span><\/li>\n<\/ul>\n<p>&nbsp;<\/p>\n<p dir=\"auto\"><strong><span dir=\"auto\" style=\"vertical-align: inherit;\"><span dir=\"auto\" style=\"vertical-align: inherit;\">Lieferumfang im Detail:<\/span><\/span><\/strong><\/p>\n<ul>\n<li><strong><span dir=\"auto\" style=\"vertical-align: inherit;\"><span dir=\"auto\" style=\"vertical-align: inherit;\">2x Glas\/Glas 460W Module<\/span><\/span><\/strong><span dir=\"auto\" style=\"vertical-align: inherit;\"><span dir=\"auto\" style=\"vertical-align: inherit;\"> : Hochleistungs-Solarmodule mit langlebigem Glas-auf-Glas-Design, jeweils 460 Watt Leistung. Ideal f\u00fcr eine nachhaltige Energieerzeugung.<\/span><\/span><\/li>\n<li><strong><span dir=\"auto\" style=\"vertical-align: inherit;\"><span dir=\"auto\" style=\"vertical-align: inherit;\">1x Zendure SolarFlow Hyper 2000 Wechselrichter<\/span><\/span><\/strong><span dir=\"auto\" style=\"vertical-align: inherit;\"><span dir=\"auto\" style=\"vertical-align: inherit;\"> : Leistungsstarke Energiel\u00f6sung mit 2000 Wh Kapazit\u00e4t zur Speicherung und Verwaltung von Solarenergie \u2013 optimal f\u00fcr umfassende Energiebed\u00fcrfnisse.<\/span><\/span><\/li>\n<li><strong><span dir=\"auto\" style=\"vertical-align: inherit;\"><span dir=\"auto\" style=\"vertical-align: inherit;\">2x MC4-Steckerpaare<\/span><\/span><\/strong><span dir=\"auto\" style=\"vertical-align: inherit;\"><span dir=\"auto\" style=\"vertical-align: inherit;\"> : Wetterfeste MC4-Steckerpaare f\u00fcr eine sichere und effiziente Verbindung der Solarmodule und Systemkomponenten.<\/span><\/span><\/li>\n<li><strong><span dir=\"auto\" style=\"vertical-align: inherit;\"><span dir=\"auto\" style=\"vertical-align: inherit;\">2x Smart Plug<\/span><\/span><\/strong><span dir=\"auto\" style=\"vertical-align: inherit;\"><span dir=\"auto\" style=\"vertical-align: inherit;\"> : Intelligente Steckdosen zur kabellosen Steuerung von Ger\u00e4ten per Smartphone oder Smart-Home-System \u2013 energieeffizient und praktisch.<\/span><\/span><\/li>\n<\/ul>\n<p>&nbsp;<\/p>\n","protected":false},"excerpt":{"rendered":"<p><span dir=\"auto\" style=\"vertical-align: inherit;\"><span dir=\"auto\" style=\"vertical-align: inherit;\">Nutzen Sie die Kraft der Sonne mit unserer Balkon-Powerstation. Sie wandelt Solarenergie effizient in Strom um und speist diesen direkt in Ihr Zuhause ein. \u00dcbersch\u00fcssige Energie kann zudem gespeichert werden, sodass Sie Ihre selbst erzeugte Energie auch nach Sonnenuntergang, bei schlechtem Wetter oder w\u00e4hrend eines Stromausfalls nutzen k\u00f6nnen. Das Komplettset ist wartungsfrei, besteht aus hochwertigen Komponenten und \u00fcberzeugt durch eine lange Lebensdauer.<\/span><\/span><\/p>\n<p><strong><span dir=\"auto\" style=\"vertical-align: inherit;\"><span dir=\"auto\" style=\"vertical-align: inherit;\">Lieferumfang:<\/span><\/span><\/strong><\/p>\n<ul>\n<li><span dir=\"auto\" style=\"vertical-align: inherit;\"><span dir=\"auto\" style=\"vertical-align: inherit;\">2 x Glas\/Glas 460W Module<\/span><\/span><\/li>\n<li><span dir=\"auto\" style=\"vertical-align: inherit;\"><span dir=\"auto\" style=\"vertical-align: inherit;\">1x Zendure SolarFlow Hyper 2000r<\/span><\/span><\/li>\n<li><span dir=\"auto\" style=\"vertical-align: inherit;\"><span dir=\"auto\" style=\"vertical-align: inherit;\">2 x MC4-Steckerpaare<\/span><\/span><\/li>\n<li><span dir=\"auto\" style=\"vertical-align: inherit;\"><span dir=\"auto\" style=\"vertical-align: inherit;\">2 x Smart Plug<\/span><\/span><\/li>\n<\/ul>\n<p><span dir=\"auto\" style=\"vertical-align: inherit;\"><span dir=\"auto\" style=\"vertical-align: inherit;\">Jahresproduktion von ca. <\/span><\/span><strong><span dir=\"auto\" style=\"vertical-align: inherit;\"><span dir=\"auto\" style=\"vertical-align: inherit;\">1.100 kWh pro Jahr<\/span><\/span><\/strong><\/p>\n<p>&nbsp;<\/p>\n","protected":false},"featured_media":19075,"template":"","meta":[],"product_brand":[],"product_cat":[37],"product_tag":[],"class_list":{"0":"post-19070","1":"product","2":"type-product","3":"status-publish","4":"has-post-thumbnail","6":"product_cat-balkonkraftwerke","8":"first","9":"instock","10":"sale","11":"taxable","12":"shipping-taxable","13":"purchasable","14":"product-type-simple"},"_links":{"self":[{"href":"https:\/\/quickenergy.at\/en\/wp-json\/wp\/v2\/product\/19070","targetHints":{"allow":["GET"]}}],"collection":[{"href":"https:\/\/quickenergy.at\/en\/wp-json\/wp\/v2\/product"}],"about":[{"href":"https:\/\/quickenergy.at\/en\/wp-json\/wp\/v2\/types\/product"}],"version-history":[{"count":7,"href":"https:\/\/quickenergy.at\/en\/wp-json\/wp\/v2\/product\/19070\/revisions"}],"predecessor-version":[{"id":19076,"href":"https:\/\/quickenergy.at\/en\/wp-json\/wp\/v2\/product\/19070\/revisions\/19076"}],"wp:featuredmedia":[{"embeddable":true,"href":"https:\/\/quickenergy.at\/en\/wp-json\/wp\/v2\/media\/19075"}],"wp:attachment":[{"href":"https:\/\/quickenergy.at\/en\/wp-json\/wp\/v2\/media?parent=19070"}],"wp:term":[{"taxonomy":"product_brand","embeddable":true,"href":"https:\/\/quickenergy.at\/en\/wp-json\/wp\/v2\/product_brand?post=19070"},{"taxonomy":"product_cat","embeddable":true,"href":"https:\/\/quickenergy.at\/en\/wp-json\/wp\/v2\/product_cat?post=19070"},{"taxonomy":"product_tag","embeddable":true,"href":"https:\/\/quickenergy.at\/en\/wp-json\/wp\/v2\/product_tag?post=19070"}],"curies":[{"name":"wp","href":"https:\/\/api.w.org\/{rel}","templated":true}]}}