{"id":19067,"date":"2025-06-18T23:55:51","date_gmt":"2025-06-18T21:55:51","guid":{"rendered":"https:\/\/quickenergy.at\/?post_type=product&#038;p=19067"},"modified":"2025-09-16T20:14:27","modified_gmt":"2025-09-16T18:14:27","slug":"balkonkraftwerk-800-wp-2-000-kwh-batteriespeicher","status":"publish","type":"product","link":"https:\/\/quickenergy.at\/en\/produkt\/balkonkraftwerk-800-wp-2-000-kwh-batteriespeicher\/","title":{"rendered":"Balkonkraftwerk 800 Wp + 2.000 kWh Batteriespeicher"},"content":{"rendered":"<h2>Produktausstattung<\/h2>\n<p><strong>Lieferumfang:<\/strong><\/p>\n<ul>\n<li>2 x Glas\/Glas 460W Module<\/li>\n<li>1x Zendure SolarFlow 800 Wechselrichter<\/li>\n<li>1 x Zendure AB2000s Batteriespeicher<\/li>\n<li>2 x MC4 Steckerp\u00e4rchen<\/li>\n<li>2 x Smart Plug<\/li>\n<\/ul>\n<p>&nbsp;<\/p>\n<p dir=\"auto\"><strong>Lieferumfang im Detail:<\/strong><\/p>\n<ul>\n<li><strong>2x Glas\/Glas 460W Module<\/strong>: Hochleistungssolarmodule mit einem robusten Glas-auf-Glas-Design, die jeweils 460 Watt liefern. Perfekt f\u00fcr effiziente und nachhaltige Stromerzeugung.<\/li>\n<li><strong>1x Zendure SolarFlow 800 Wechselrichter<\/strong>: Eine kompakte Stromstation zur Speicherung und Verwaltung von Solarenergie mit 800 Wh Kapazit\u00e4t, ideal f\u00fcr kleinere Haushalte oder mobile Anwendungen.<\/li>\n<li><strong>1x Zendure AB2000s Batteriespeicher<\/strong>: Ein leistungsstarkes Batteriepack mit 2000 Wh, das die Speicherkapazit\u00e4t des SolarFlow-Systems erweitert und eine stabile Stromversorgung gew\u00e4hrleistet.<\/li>\n<li>\n<p dir=\"ltr\"><strong>2x MC4 Steckerpaare<\/strong>: Wetterfeste und sichere MC4-Steckerpaare zur einfachen und effizienten Verbindung von Solarmodulen und Systemkomponenten.<\/p>\n<\/li>\n<li>\n<p dir=\"ltr\"><strong>2x Smart Plug<\/strong>: Intelligente Steckdosen zur drahtlosen Steuerung von Ger\u00e4ten \u00fcber Smartphone oder Smart-Home-Systeme, energieeffizient und benutzerfreundlich.<\/p>\n<\/li>\n<\/ul>\n","protected":false},"excerpt":{"rendered":"<p>Nutzen Sie die Kraft der Sonne mit unserem Balkonkraftwerk. Es wandelt Sonnenenergie effizient in Strom um und speist diesen direkt in Ihr Zuhause ein. \u00dcbersch\u00fcssige Energie kann zudem gespeichert werden, sodass Sie auch nach Sonnenuntergang, bei schlechtem Wetter oder w\u00e4hrend eines Stromausfalls auf Ihre selbst erzeugte Energie zugreifen k\u00f6nnen. Das Komplettset ist wartungsfrei, besteht aus erstklassigen Komponenten und \u00fcberzeugt durch eine lange Lebensdauer.<\/p>\n<p><strong>Lieferumfang:<\/strong><\/p>\n<ul>\n<li>2 x Glas\/Glas 460W Module<\/li>\n<li>1x Zendure SolarFlow 800 Wechselrichter<\/li>\n<li>1 x Zendure AB2000s Batteriespeicher<\/li>\n<li>2 x MC4 Steckerp\u00e4rchen<\/li>\n<li>2 x Smart Plug<\/li>\n<\/ul>\n<p>J\u00e4hrliche Produktion von ca. <strong>1.100 kWh pro Jahr<\/strong><\/p>\n<p>&nbsp;<\/p>\n","protected":false},"featured_media":566,"template":"","meta":[],"product_brand":[],"product_cat":[37],"product_tag":[],"class_list":{"0":"post-19067","1":"product","2":"type-product","3":"status-publish","4":"has-post-thumbnail","6":"product_cat-balkonkraftwerke","8":"first","9":"instock","10":"sale","11":"taxable","12":"shipping-taxable","13":"purchasable","14":"product-type-simple"},"_links":{"self":[{"href":"https:\/\/quickenergy.at\/en\/wp-json\/wp\/v2\/product\/19067","targetHints":{"allow":["GET"]}}],"collection":[{"href":"https:\/\/quickenergy.at\/en\/wp-json\/wp\/v2\/product"}],"about":[{"href":"https:\/\/quickenergy.at\/en\/wp-json\/wp\/v2\/types\/product"}],"version-history":[{"count":5,"href":"https:\/\/quickenergy.at\/en\/wp-json\/wp\/v2\/product\/19067\/revisions"}],"predecessor-version":[{"id":21352,"href":"https:\/\/quickenergy.at\/en\/wp-json\/wp\/v2\/product\/19067\/revisions\/21352"}],"wp:featuredmedia":[{"embeddable":true,"href":"https:\/\/quickenergy.at\/en\/wp-json\/wp\/v2\/media\/566"}],"wp:attachment":[{"href":"https:\/\/quickenergy.at\/en\/wp-json\/wp\/v2\/media?parent=19067"}],"wp:term":[{"taxonomy":"product_brand","embeddable":true,"href":"https:\/\/quickenergy.at\/en\/wp-json\/wp\/v2\/product_brand?post=19067"},{"taxonomy":"product_cat","embeddable":true,"href":"https:\/\/quickenergy.at\/en\/wp-json\/wp\/v2\/product_cat?post=19067"},{"taxonomy":"product_tag","embeddable":true,"href":"https:\/\/quickenergy.at\/en\/wp-json\/wp\/v2\/product_tag?post=19067"}],"curies":[{"name":"wp","href":"https:\/\/api.w.org\/{rel}","templated":true}]}}