{"id":19058,"date":"2025-06-18T23:01:00","date_gmt":"2025-06-18T21:01:00","guid":{"rendered":"https:\/\/quickenergy.at\/?post_type=product&#038;p=19058"},"modified":"2025-09-30T15:17:17","modified_gmt":"2025-09-30T13:17:17","slug":"balkonkraftwerk-16-kwp-2-000-kwh-batteriespeicher","status":"publish","type":"product","link":"https:\/\/quickenergy.at\/en\/produkt\/balkonkraftwerk-16-kwp-2-000-kwh-batteriespeicher\/","title":{"rendered":"Balkonkraftwerk 1,6 kWp + 2.000 kWh Batteriespeicher"},"content":{"rendered":"<h2><span dir=\"auto\" style=\"vertical-align: inherit;\"><span dir=\"auto\" style=\"vertical-align: inherit;\">Produkteigenschaften<\/span><\/span><\/h2>\n<p><strong><span dir=\"auto\" style=\"vertical-align: inherit;\"><span dir=\"auto\" style=\"vertical-align: inherit;\">Lieferumfang:<\/span><\/span><\/strong><\/p>\n<ul>\n<li>4 x Glas\/Glas 460W Module<\/li>\n<li><span dir=\"auto\" style=\"vertical-align: inherit;\"><span dir=\"auto\" style=\"vertical-align: inherit;\">1x Zendure SolarFlow Hyper 2000r Wechselrichter<\/span><\/span><\/li>\n<li><span dir=\"auto\" style=\"vertical-align: inherit;\"><span dir=\"auto\" style=\"vertical-align: inherit;\">1x Zendure AB2000s Batteriespeicher<\/span><\/span><\/li>\n<li><span dir=\"auto\" style=\"vertical-align: inherit;\"><span dir=\"auto\" style=\"vertical-align: inherit;\">4 x MC4-Steckerpaare<\/span><\/span><\/li>\n<li>2 x Smart Plug<\/li>\n<\/ul>\n<p>&nbsp;<\/p>\n<p dir=\"auto\"><strong><span dir=\"auto\" style=\"vertical-align: inherit;\"><span dir=\"auto\" style=\"vertical-align: inherit;\">Lieferumfang im Detail:<\/span><\/span><\/strong><\/p>\n<ul>\n<li><strong><span dir=\"auto\" style=\"vertical-align: inherit;\"><span dir=\"auto\" style=\"vertical-align: inherit;\">4x Glas\/Glas 460W Module:<\/span><\/span><\/strong><span dir=\"auto\" style=\"vertical-align: inherit;\"><span dir=\"auto\" style=\"vertical-align: inherit;\"> Hochleistungs-Solarmodule mit langlebigem Glas-auf-Glas-Design, ideal f\u00fcr eine effiziente Energiegewinnung aus Sonnenlicht. Jedes Modul liefert 460 Watt und ist perfekt f\u00fcr umweltfreundliche Stroml\u00f6sungen geeignet.<\/span><\/span><\/li>\n<li><strong><span dir=\"auto\" style=\"vertical-align: inherit;\"><span dir=\"auto\" style=\"vertical-align: inherit;\">1x Zendure SolarFlow Hyper 2000:<\/span><\/span><\/strong><span dir=\"auto\" style=\"vertical-align: inherit;\"><span dir=\"auto\" style=\"vertical-align: inherit;\"> Eine leistungsstarke Powerstation zum Speichern und Verwalten von Solarenergie. Mit einer Kapazit\u00e4t von 2000 Wh sorgt sie f\u00fcr eine zuverl\u00e4ssige Stromversorgung im Haushalt und unterwegs.<\/span><\/span><\/li>\n<li><strong><span dir=\"auto\" style=\"vertical-align: inherit;\"><span dir=\"auto\" style=\"vertical-align: inherit;\">1x Zendure AB2000s:<\/span><\/span><\/strong><span dir=\"auto\" style=\"vertical-align: inherit;\"><span dir=\"auto\" style=\"vertical-align: inherit;\"> Ein kompakter Batteriespeicher zur Erweiterung der Speicherkapazit\u00e4t des SolarFlow-Systems. Mit 2000 Wh unterst\u00fctzt er eine kontinuierliche Stromversorgung auch bei schwankender Sonneneinstrahlung.<\/span><\/span><\/li>\n<li><strong><span dir=\"auto\" style=\"vertical-align: inherit;\"><span dir=\"auto\" style=\"vertical-align: inherit;\">4x MC4-Steckerpaare:<\/span><\/span><\/strong><span dir=\"auto\" style=\"vertical-align: inherit;\"><span dir=\"auto\" style=\"vertical-align: inherit;\"> Robuste und wetterfeste MC4-Steckerpaare f\u00fcr die sichere Verbindung von Solarmodulen und weiteren Komponenten. Einfache Installation und hohe Leitf\u00e4higkeit f\u00fcr ein effizientes Solarsystem.<\/span><\/span><\/li>\n<li><strong><span dir=\"auto\" style=\"vertical-align: inherit;\"><span dir=\"auto\" style=\"vertical-align: inherit;\">2x Smart Plug<\/span><\/span><\/strong><span dir=\"auto\" style=\"vertical-align: inherit;\"><span dir=\"auto\" style=\"vertical-align: inherit;\"> : Intelligente Steckdosen zur kabellosen Steuerung von Ger\u00e4ten per Smartphone oder Smart-Home-System. Energieeffizient und ideal f\u00fcr die Integration in moderne Haushalte.<\/span><\/span><\/li>\n<\/ul>\n<p>&nbsp;<\/p>\n","protected":false},"excerpt":{"rendered":"<p><span dir=\"auto\" style=\"vertical-align: inherit;\"><span dir=\"auto\" style=\"vertical-align: inherit;\">Nutzen Sie die Kraft der Sonne mit unserer Balkon-Powerstation. Sie wandelt Sonnenenergie effizient in Strom um und speist diesen direkt in Ihr Zuhause ein. \u00dcbersch\u00fcssige Energie kann zudem gespeichert werden, sodass Sie auch nach Sonnenuntergang, bei schlechtem Wetter oder w\u00e4hrend eines Stromausfalls auf Ihren selbst erzeugten Strom zugreifen k\u00f6nnen. Das Komplettset ist wartungsfrei, besteht aus hochwertigen Komponenten und \u00fcberzeugt durch eine lange Lebensdauer.<\/span><\/span><\/p>\n<p><strong><span dir=\"auto\" style=\"vertical-align: inherit;\"><span dir=\"auto\" style=\"vertical-align: inherit;\">Lieferumfang:<\/span><\/span><\/strong><\/p>\n<ul>\n<li><span dir=\"auto\" style=\"vertical-align: inherit;\"><span dir=\"auto\" style=\"vertical-align: inherit;\">4 x Glas\/Glas 460W Module<\/span><\/span><\/li>\n<li><span dir=\"auto\" style=\"vertical-align: inherit;\"><span dir=\"auto\" style=\"vertical-align: inherit;\">1x Zendure SolarFlow Hyper 2000r Wechselrichter<\/span><\/span><\/li>\n<li><span dir=\"auto\" style=\"vertical-align: inherit;\"><span dir=\"auto\" style=\"vertical-align: inherit;\">1x Zendure AB2000s Batteriespeicher<\/span><\/span><\/li>\n<li><span dir=\"auto\" style=\"vertical-align: inherit;\"><span dir=\"auto\" style=\"vertical-align: inherit;\">4 x MC4-Steckerpaare<\/span><\/span><\/li>\n<li><span dir=\"auto\" style=\"vertical-align: inherit;\"><span dir=\"auto\" style=\"vertical-align: inherit;\">2 x Smart Plug<\/span><\/span><\/li>\n<\/ul>\n<p><span dir=\"auto\" style=\"vertical-align: inherit;\"><span dir=\"auto\" style=\"vertical-align: inherit;\">Jahresproduktion von ca. <\/span><\/span><strong><span dir=\"auto\" style=\"vertical-align: inherit;\"><span dir=\"auto\" style=\"vertical-align: inherit;\">1.800 kWh pro Jahr<\/span><\/span><\/strong><\/p>\n<p>&nbsp;<\/p>\n","protected":false},"featured_media":565,"template":"","meta":[],"product_brand":[],"product_cat":[37],"product_tag":[],"class_list":{"0":"post-19058","1":"product","2":"type-product","3":"status-publish","4":"has-post-thumbnail","6":"product_cat-balkonkraftwerke","8":"first","9":"instock","10":"sale","11":"taxable","12":"shipping-taxable","13":"purchasable","14":"product-type-simple"},"_links":{"self":[{"href":"https:\/\/quickenergy.at\/en\/wp-json\/wp\/v2\/product\/19058","targetHints":{"allow":["GET"]}}],"collection":[{"href":"https:\/\/quickenergy.at\/en\/wp-json\/wp\/v2\/product"}],"about":[{"href":"https:\/\/quickenergy.at\/en\/wp-json\/wp\/v2\/types\/product"}],"version-history":[{"count":11,"href":"https:\/\/quickenergy.at\/en\/wp-json\/wp\/v2\/product\/19058\/revisions"}],"predecessor-version":[{"id":21973,"href":"https:\/\/quickenergy.at\/en\/wp-json\/wp\/v2\/product\/19058\/revisions\/21973"}],"wp:featuredmedia":[{"embeddable":true,"href":"https:\/\/quickenergy.at\/en\/wp-json\/wp\/v2\/media\/565"}],"wp:attachment":[{"href":"https:\/\/quickenergy.at\/en\/wp-json\/wp\/v2\/media?parent=19058"}],"wp:term":[{"taxonomy":"product_brand","embeddable":true,"href":"https:\/\/quickenergy.at\/en\/wp-json\/wp\/v2\/product_brand?post=19058"},{"taxonomy":"product_cat","embeddable":true,"href":"https:\/\/quickenergy.at\/en\/wp-json\/wp\/v2\/product_cat?post=19058"},{"taxonomy":"product_tag","embeddable":true,"href":"https:\/\/quickenergy.at\/en\/wp-json\/wp\/v2\/product_tag?post=19058"}],"curies":[{"name":"wp","href":"https:\/\/api.w.org\/{rel}","templated":true}]}}