{"id":18812,"date":"2025-06-13T23:19:03","date_gmt":"2025-06-13T21:19:03","guid":{"rendered":"https:\/\/quickenergy.at\/?post_type=product&#038;p=18812"},"modified":"2025-09-17T00:44:27","modified_gmt":"2025-09-16T22:44:27","slug":"sigen-ev-ac-wallbox","status":"publish","type":"product","link":"https:\/\/quickenergy.at\/en\/produkt\/sigen-ev-ac-wallbox\/","title":{"rendered":"Sigen EV AC Wallbox"},"content":{"rendered":"<h4 data-start=\"427\" data-end=\"458\"><strong data-start=\"432\" data-end=\"456\">Produkteigenschaften<\/strong><\/h4>\n<p data-start=\"459\" data-end=\"515\"><strong data-start=\"459\" data-end=\"513\">Effizientes Laden trifft auf intelligentes Design.<\/strong><\/p>\n<ul data-start=\"516\" data-end=\"956\">\n<li data-start=\"516\" data-end=\"618\">\n<p data-start=\"518\" data-end=\"618\"><strong data-start=\"518\" data-end=\"553\">AC-Ladestation f\u00fcr E-Fahrzeuge:<\/strong> Sicheres und schnelles Laden mit bis zu 22 kW (modellabh\u00e4ngig)<\/p>\n<\/li>\n<li data-start=\"619\" data-end=\"701\">\n<p data-start=\"621\" data-end=\"701\"><strong data-start=\"621\" data-end=\"640\">Smart Charging:<\/strong> Kompatibel mit intelligentem Energiemanagementsystem (EMS)<\/p>\n<\/li>\n<li data-start=\"702\" data-end=\"770\">\n<p data-start=\"704\" data-end=\"770\"><strong data-start=\"704\" data-end=\"730\">Einfache Installation:<\/strong> Wandmontage mit platzsparendem Design<\/p>\n<\/li>\n<li data-start=\"771\" data-end=\"862\">\n<p data-start=\"773\" data-end=\"862\"><strong data-start=\"773\" data-end=\"792\">Zukunftssicher:<\/strong> Integrierbar in PV-Systeme \u2013 ideal f\u00fcr Laden mit eigenem Solarstrom<\/p>\n<\/li>\n<li data-start=\"863\" data-end=\"956\">\n<p data-start=\"865\" data-end=\"956\"><strong data-start=\"865\" data-end=\"881\">Ladekomfort:<\/strong> Automatische Erkennung und Kommunikation mit dem Fahrzeug (Typ 2 Standard)<\/p>\n<\/li>\n<\/ul>\n<h4 data-start=\"958\" data-end=\"990\"><strong data-start=\"963\" data-end=\"988\">Technische Highlights<\/strong><\/h4>\n<ul data-start=\"991\" data-end=\"1291\">\n<li data-start=\"991\" data-end=\"1026\">\n<p data-start=\"993\" data-end=\"1026\"><strong data-start=\"993\" data-end=\"1004\">Modell:<\/strong> Sigen EV AC Wallbox<\/p>\n<\/li>\n<li data-start=\"1027\" data-end=\"1081\">\n<p data-start=\"1029\" data-end=\"1081\"><strong data-start=\"1029\" data-end=\"1046\">Ladeleistung:<\/strong> Bis zu 22 kW AC (je nach Modell)<\/p>\n<\/li>\n<li data-start=\"1082\" data-end=\"1149\">\n<p data-start=\"1084\" data-end=\"1149\"><strong data-start=\"1084\" data-end=\"1098\">Anschluss:<\/strong> Typ 2 Ladebuchse \/ festes Kabel (modellabh\u00e4ngig)<\/p>\n<\/li>\n<li data-start=\"1150\" data-end=\"1220\">\n<p data-start=\"1152\" data-end=\"1220\"><strong data-start=\"1152\" data-end=\"1167\">Sicherheit:<\/strong> Schutz vor \u00dcberstrom, \u00dcberspannung und \u00dcberhitzung<\/p>\n<\/li>\n<li data-start=\"1221\" data-end=\"1291\">\n<p data-start=\"1223\" data-end=\"1291\"><strong data-start=\"1223\" data-end=\"1241\">Konnektivit\u00e4t:<\/strong> WLAN \/ LAN \/ App-kompatibel (je nach Ausstattung)<\/p>\n<\/li>\n<\/ul>\n<h4 data-start=\"1293\" data-end=\"1322\"><strong data-start=\"1298\" data-end=\"1320\">Einsatz &amp; Vorteile<\/strong><\/h4>\n<ul data-start=\"1323\" data-end=\"1663\">\n<li data-start=\"1323\" data-end=\"1418\">\n<p data-start=\"1325\" data-end=\"1418\"><strong data-start=\"1325\" data-end=\"1352\">Privat oder gewerblich:<\/strong> F\u00fcr Einfamilienh\u00e4user, Mehrparteienh\u00e4user oder Firmenparkpl\u00e4tze<\/p>\n<\/li>\n<li data-start=\"1419\" data-end=\"1497\">\n<p data-start=\"1421\" data-end=\"1497\"><strong data-start=\"1421\" data-end=\"1443\">Sichere Bedienung:<\/strong> Schutzklasse IP65 \u2013 auch f\u00fcr Au\u00dfenbereiche geeignet<\/p>\n<\/li>\n<li data-start=\"1498\" data-end=\"1580\">\n<p data-start=\"1500\" data-end=\"1580\"><strong data-start=\"1500\" data-end=\"1521\">Kompakt &amp; modern:<\/strong> Stilvolle Optik passend zur Haus- oder Firmenarchitektur<\/p>\n<\/li>\n<li data-start=\"1581\" data-end=\"1663\">\n<p data-start=\"1583\" data-end=\"1663\"><strong data-start=\"1583\" data-end=\"1599\">Solar-Ready:<\/strong> Ideal als Teil eines nachhaltigen Energiekonzepts mit PV-Anlage<\/p>\n<\/li>\n<\/ul>\n<h4 data-start=\"1665\" data-end=\"1706\"><strong data-start=\"1670\" data-end=\"1704\">Warum die Sigen EV AC Wallbox?<\/strong><\/h4>\n<p data-start=\"1707\" data-end=\"1929\">Die <strong data-start=\"1711\" data-end=\"1734\">Sigen EV AC Wallbox<\/strong> ist eine clevere Ladel\u00f6sung, die Technik, Design und Nachhaltigkeit vereint. Dank smarter Features und robuster Bauweise ist sie die perfekte Erg\u00e4nzung f\u00fcr jedes moderne Zuhause mit Elektroauto.<\/p>\n<h5 data-start=\"1936\" data-end=\"2016\"><strong data-start=\"1936\" data-end=\"2014\"><br \/>\nSteuerfreie Bestellung in \u00d6sterreich (\u00a7 28 Abs. 62 UStG 1994) \u2013 So geht\u2019s:<\/strong><\/h5>\n<ul data-start=\"2017\" data-end=\"2308\">\n<li data-start=\"2017\" data-end=\"2072\">\n<p data-start=\"2019\" data-end=\"2072\">Legen Sie ihre gew\u00fcnschten Artikel in den Warenkorb<\/p>\n<\/li>\n<li data-start=\"2073\" data-end=\"2144\">\n<p data-start=\"2075\" data-end=\"2144\">Im Checkout setzen Sie den Haken in der Box \u201cSteuerfreie Lieferung\u201d<\/p>\n<\/li>\n<li data-start=\"2145\" data-end=\"2241\">\n<p data-start=\"2147\" data-end=\"2241\">Ihr Warenkorb l\u00e4dt neu und bei allen berechtigten Artikeln wird die Steuer auf 0\u202f% reduziert<\/p>\n<\/li>\n<li data-start=\"2242\" data-end=\"2308\">\n<p data-start=\"2244\" data-end=\"2308\">Hier finden Sie die\u202fVoraussetzungen\u202fzur steuerfreien Bestellung.<\/p>\n<\/li>\n<\/ul>\n","protected":false},"excerpt":{"rendered":"<p data-start=\"157\" data-end=\"391\">Die <strong data-start=\"161\" data-end=\"184\">Sigen EV AC Wallbox<\/strong> ist eine leistungsstarke, smarte Ladestation f\u00fcr Elektrofahrzeuge. Entwickelt f\u00fcr private Haushalte und kleine Gewerbebetriebe, \u00fcberzeugt sie mit einfacher Bedienung, hoher Ladeleistung und eleganter Optik.<\/p>\n<p><a class=\"requestbut\">Preisanfrage<\/a><\/p>\n","protected":false},"featured_media":18813,"template":"","meta":[],"product_brand":[],"product_cat":[132],"product_tag":[],"class_list":{"0":"post-18812","1":"product","2":"type-product","3":"status-publish","4":"has-post-thumbnail","6":"product_cat-zubehor","8":"first","9":"instock","10":"taxable","11":"shipping-taxable","12":"product-type-simple"},"_links":{"self":[{"href":"https:\/\/quickenergy.at\/en\/wp-json\/wp\/v2\/product\/18812","targetHints":{"allow":["GET"]}}],"collection":[{"href":"https:\/\/quickenergy.at\/en\/wp-json\/wp\/v2\/product"}],"about":[{"href":"https:\/\/quickenergy.at\/en\/wp-json\/wp\/v2\/types\/product"}],"version-history":[{"count":2,"href":"https:\/\/quickenergy.at\/en\/wp-json\/wp\/v2\/product\/18812\/revisions"}],"predecessor-version":[{"id":21818,"href":"https:\/\/quickenergy.at\/en\/wp-json\/wp\/v2\/product\/18812\/revisions\/21818"}],"wp:featuredmedia":[{"embeddable":true,"href":"https:\/\/quickenergy.at\/en\/wp-json\/wp\/v2\/media\/18813"}],"wp:attachment":[{"href":"https:\/\/quickenergy.at\/en\/wp-json\/wp\/v2\/media?parent=18812"}],"wp:term":[{"taxonomy":"product_brand","embeddable":true,"href":"https:\/\/quickenergy.at\/en\/wp-json\/wp\/v2\/product_brand?post=18812"},{"taxonomy":"product_cat","embeddable":true,"href":"https:\/\/quickenergy.at\/en\/wp-json\/wp\/v2\/product_cat?post=18812"},{"taxonomy":"product_tag","embeddable":true,"href":"https:\/\/quickenergy.at\/en\/wp-json\/wp\/v2\/product_tag?post=18812"}],"curies":[{"name":"wp","href":"https:\/\/api.w.org\/{rel}","templated":true}]}}