{"id":18805,"date":"2025-06-13T23:14:51","date_gmt":"2025-06-13T21:14:51","guid":{"rendered":"https:\/\/quickenergy.at\/?post_type=product&#038;p=18805"},"modified":"2025-09-16T22:00:56","modified_gmt":"2025-09-16T20:00:56","slug":"sigenstor","status":"publish","type":"product","link":"https:\/\/quickenergy.at\/en\/produkt\/sigenstor\/","title":{"rendered":"SigenStor"},"content":{"rendered":"<h4 data-start=\"514\" data-end=\"545\"><strong data-start=\"519\" data-end=\"543\">Produkteigenschaften<\/strong><\/h4>\n<p data-start=\"546\" data-end=\"599\"><strong data-start=\"546\" data-end=\"597\">Ein System, f\u00fcnf Funktionen \u2013 maximaler Nutzen.<\/strong><\/p>\n<ul data-start=\"600\" data-end=\"1083\">\n<li data-start=\"600\" data-end=\"717\">\n<p data-start=\"602\" data-end=\"717\"><strong data-start=\"602\" data-end=\"625\">5-in-1-Technologie:<\/strong> Integriert Hybrid-Wechselrichter, Batteriespeicher, EV-DC-Lader, BMS und Notstromfunktion<\/p>\n<\/li>\n<li data-start=\"718\" data-end=\"813\">\n<p data-start=\"720\" data-end=\"813\"><strong data-start=\"720\" data-end=\"746\">Skalierbarer Speicher:<\/strong> In verschiedenen Kapazit\u00e4ten erh\u00e4ltlich (je nach Anwendungsfall)<\/p>\n<\/li>\n<li data-start=\"814\" data-end=\"893\">\n<p data-start=\"816\" data-end=\"893\"><strong data-start=\"816\" data-end=\"829\">EV-Ready:<\/strong> Direkter Anschluss f\u00fcr DC-Schnellladung von Elektrofahrzeugen<\/p>\n<\/li>\n<li data-start=\"894\" data-end=\"995\">\n<p data-start=\"896\" data-end=\"995\"><strong data-start=\"896\" data-end=\"919\">Notstromversorgung:<\/strong> Automatische Umschaltung bei Stromausfall f\u00fcr unterbrechungsfreie Energie<\/p>\n<\/li>\n<li data-start=\"996\" data-end=\"1083\">\n<p data-start=\"998\" data-end=\"1083\"><strong data-start=\"998\" data-end=\"1018\">Volle Kontrolle:<\/strong> Inklusive Smart Energy Management f\u00fcr optimierten Eigenverbrauch<\/p>\n<\/li>\n<\/ul>\n<h4 data-start=\"1085\" data-end=\"1117\"><strong data-start=\"1090\" data-end=\"1115\">Technische Highlights<\/strong><\/h4>\n<ul data-start=\"1118\" data-end=\"1518\">\n<li data-start=\"1118\" data-end=\"1170\">\n<p data-start=\"1120\" data-end=\"1170\"><strong data-start=\"1120\" data-end=\"1131\">System:<\/strong> SigenStor All-in-One Energiespeicher<\/p>\n<\/li>\n<li data-start=\"1171\" data-end=\"1255\">\n<p data-start=\"1173\" data-end=\"1255\"><strong data-start=\"1173\" data-end=\"1189\">Komponenten:<\/strong> Hybrid-Wechselrichter + Batterie + EV-DC Charger + Backup + BMS<\/p>\n<\/li>\n<li data-start=\"1256\" data-end=\"1330\">\n<p data-start=\"1258\" data-end=\"1330\"><strong data-start=\"1258\" data-end=\"1275\">Ausf\u00fchrungen:<\/strong> Verf\u00fcgbar in verschiedenen Gr\u00f6\u00dfen und Speicherstufen<\/p>\n<\/li>\n<li data-start=\"1331\" data-end=\"1434\">\n<p data-start=\"1333\" data-end=\"1434\"><strong data-start=\"1333\" data-end=\"1352\">Einsatzbereich:<\/strong> PV-Systeme f\u00fcr Wohnh\u00e4user, kleine Gewerbebetriebe oder smarte Ladeinfrastruktur<\/p>\n<\/li>\n<li data-start=\"1435\" data-end=\"1518\">\n<p data-start=\"1437\" data-end=\"1518\"><strong data-start=\"1437\" data-end=\"1449\">Montage:<\/strong> Wand- oder Bodenmontage m\u00f6glich, modulare Erweiterung je nach Bedarf<\/p>\n<\/li>\n<\/ul>\n<h4 data-start=\"1520\" data-end=\"1549\"><strong data-start=\"1525\" data-end=\"1547\">Vorteile im Alltag<\/strong><\/h4>\n<ul data-start=\"1550\" data-end=\"1876\">\n<li data-start=\"1550\" data-end=\"1640\">\n<p data-start=\"1552\" data-end=\"1640\"><strong data-start=\"1552\" data-end=\"1578\">Reduziert Stromkosten:<\/strong> Optimaler Eigenverbrauch durch intelligentes Lademanagement<\/p>\n<\/li>\n<li data-start=\"1641\" data-end=\"1700\">\n<p data-start=\"1643\" data-end=\"1700\"><strong data-start=\"1643\" data-end=\"1662\">Zukunftssicher:<\/strong> EV-Integration f\u00fcr Elektromobilit\u00e4t<\/p>\n<\/li>\n<li data-start=\"1701\" data-end=\"1792\">\n<p data-start=\"1703\" data-end=\"1792\"><strong data-start=\"1703\" data-end=\"1730\">Platzsparend &amp; elegant:<\/strong> Alles in einem Ger\u00e4t \u2013 minimaler Platzbedarf, moderne Optik<\/p>\n<\/li>\n<li data-start=\"1793\" data-end=\"1876\">\n<p data-start=\"1795\" data-end=\"1876\"><strong data-start=\"1795\" data-end=\"1819\">Hohe Kompatibilit\u00e4t:<\/strong> Funktioniert mit vielen PV-Modulen und Ladeeinrichtungen<\/p>\n<\/li>\n<\/ul>\n<h4 data-start=\"1878\" data-end=\"1905\"><strong data-start=\"1883\" data-end=\"1903\">Warum SigenStor?<\/strong><\/h4>\n<p data-start=\"1906\" data-end=\"2175\"><strong data-start=\"1906\" data-end=\"1919\">SigenStor<\/strong> vereint, was viele Systeme einzeln anbieten: Energieumwandlung, Speicherung und smarte Steuerung \u2013 plus Ladeinfrastruktur f\u00fcr E-Autos. Eine Komplettl\u00f6sung f\u00fcr moderne Haushalte mit PV-Anlage, die Energieunabh\u00e4ngigkeit und Komfort auf ein neues Level hebt.<\/p>\n<h5 data-start=\"2182\" data-end=\"2262\"><strong data-start=\"2182\" data-end=\"2260\"><br \/>\nSteuerfreie Bestellung in \u00d6sterreich (\u00a7 28 Abs. 62 UStG 1994) \u2013 So geht\u2019s:<\/strong><\/h5>\n<ul data-start=\"2263\" data-end=\"2554\">\n<li data-start=\"2263\" data-end=\"2318\">\n<p data-start=\"2265\" data-end=\"2318\">Legen Sie ihre gew\u00fcnschten Artikel in den Warenkorb<\/p>\n<\/li>\n<li data-start=\"2319\" data-end=\"2390\">\n<p data-start=\"2321\" data-end=\"2390\">Im Checkout setzen Sie den Haken in der Box \u201cSteuerfreie Lieferung\u201d<\/p>\n<\/li>\n<li data-start=\"2391\" data-end=\"2487\">\n<p data-start=\"2393\" data-end=\"2487\">Ihr Warenkorb l\u00e4dt neu und bei allen berechtigten Artikeln wird die Steuer auf 0\u202f% reduziert<\/p>\n<\/li>\n<li data-start=\"2488\" data-end=\"2554\">\n<p data-start=\"2490\" data-end=\"2554\">Hier finden Sie die\u202fVoraussetzungen\u202fzur steuerfreien Bestellung.<\/p>\n<\/li>\n<\/ul>\n<hr data-start=\"2556\" data-end=\"2559\" \/>\n<p data-start=\"2561\" data-end=\"2598\" data-is-last-node=\"\" data-is-only-node=\"\">\n","protected":false},"excerpt":{"rendered":"<p data-start=\"224\" data-end=\"478\"><strong data-start=\"224\" data-end=\"237\">SigenStor<\/strong> ist ein innovatives 5-in-1-Energiesystem, das Wechselrichter, EV-DC-Ladeger\u00e4t, Batterie, BMS und Backup-Funktion in einem kompakten Ger\u00e4t vereint. Die ideale All-in-One-L\u00f6sung f\u00fcr moderne PV-Systeme mit maximaler Flexibilit\u00e4t und Effizienz.<\/p>\n<p><a class=\"requestbut\">Preisanfrage<\/a><\/p>\n","protected":false},"featured_media":18807,"template":"","meta":[],"product_brand":[],"product_cat":[132],"product_tag":[],"class_list":{"0":"post-18805","1":"product","2":"type-product","3":"status-publish","4":"has-post-thumbnail","6":"product_cat-zubehor","8":"first","9":"instock","10":"taxable","11":"shipping-taxable","12":"product-type-simple"},"_links":{"self":[{"href":"https:\/\/quickenergy.at\/en\/wp-json\/wp\/v2\/product\/18805","targetHints":{"allow":["GET"]}}],"collection":[{"href":"https:\/\/quickenergy.at\/en\/wp-json\/wp\/v2\/product"}],"about":[{"href":"https:\/\/quickenergy.at\/en\/wp-json\/wp\/v2\/types\/product"}],"version-history":[{"count":5,"href":"https:\/\/quickenergy.at\/en\/wp-json\/wp\/v2\/product\/18805\/revisions"}],"predecessor-version":[{"id":21791,"href":"https:\/\/quickenergy.at\/en\/wp-json\/wp\/v2\/product\/18805\/revisions\/21791"}],"wp:featuredmedia":[{"embeddable":true,"href":"https:\/\/quickenergy.at\/en\/wp-json\/wp\/v2\/media\/18807"}],"wp:attachment":[{"href":"https:\/\/quickenergy.at\/en\/wp-json\/wp\/v2\/media?parent=18805"}],"wp:term":[{"taxonomy":"product_brand","embeddable":true,"href":"https:\/\/quickenergy.at\/en\/wp-json\/wp\/v2\/product_brand?post=18805"},{"taxonomy":"product_cat","embeddable":true,"href":"https:\/\/quickenergy.at\/en\/wp-json\/wp\/v2\/product_cat?post=18805"},{"taxonomy":"product_tag","embeddable":true,"href":"https:\/\/quickenergy.at\/en\/wp-json\/wp\/v2\/product_tag?post=18805"}],"curies":[{"name":"wp","href":"https:\/\/api.w.org\/{rel}","templated":true}]}}