{"id":18756,"date":"2025-06-13T22:29:35","date_gmt":"2025-06-13T20:29:35","guid":{"rendered":"https:\/\/quickenergy.at\/?post_type=product&#038;p=18756"},"modified":"2025-09-16T21:55:15","modified_gmt":"2025-09-16T19:55:15","slug":"x3-hybrid-g4","status":"publish","type":"product","link":"https:\/\/quickenergy.at\/en\/produkt\/x3-hybrid-g4\/","title":{"rendered":"X3 Hybrid G4"},"content":{"rendered":"<h4 data-start=\"438\" data-end=\"469\"><strong data-start=\"443\" data-end=\"467\">Produkteigenschaften<\/strong><\/h4>\n<p data-start=\"470\" data-end=\"511\"><strong data-start=\"470\" data-end=\"509\">Starke Performance. Smarte Technik.<\/strong><\/p>\n<ul data-start=\"512\" data-end=\"945\">\n<li data-start=\"512\" data-end=\"586\">\n<p data-start=\"514\" data-end=\"586\"><strong data-start=\"514\" data-end=\"536\">5\u201315\u202fkW Varianten:<\/strong> Flexibel w\u00e4hlbar f\u00fcr verschiedene Anlagengr\u00f6\u00dfen<\/p>\n<\/li>\n<li data-start=\"587\" data-end=\"684\">\n<p data-start=\"589\" data-end=\"684\"><strong data-start=\"589\" data-end=\"611\">Hybridtechnologie:<\/strong> Direkter Anschluss an Batteriespeicher \u2013 f\u00fcr hohe Eigenverbrauchsquote<\/p>\n<\/li>\n<li data-start=\"685\" data-end=\"765\">\n<p data-start=\"687\" data-end=\"765\"><strong data-start=\"687\" data-end=\"713\">3-phasige Einspeisung:<\/strong> Gleichm\u00e4\u00dfige Netzanbindung f\u00fcr Haushalt &amp; Gewerbe<\/p>\n<\/li>\n<li data-start=\"766\" data-end=\"866\">\n<p data-start=\"768\" data-end=\"866\"><strong data-start=\"768\" data-end=\"790\">All-in-One-L\u00f6sung:<\/strong> Integrierter EMS (Energy Management System) f\u00fcr smartes Energiemanagement<\/p>\n<\/li>\n<li data-start=\"867\" data-end=\"945\">\n<p data-start=\"869\" data-end=\"945\"><strong data-start=\"869\" data-end=\"889\">Modernes Design:<\/strong> Robustes, kompaktes Geh\u00e4use f\u00fcr Innen- und Au\u00dfenbereich<\/p>\n<\/li>\n<\/ul>\n<h4 data-start=\"947\" data-end=\"979\"><strong data-start=\"952\" data-end=\"977\">Technische Highlights<\/strong><\/h4>\n<ul data-start=\"980\" data-end=\"1288\">\n<li data-start=\"980\" data-end=\"1008\">\n<p data-start=\"982\" data-end=\"1008\"><strong data-start=\"982\" data-end=\"993\">Modell:<\/strong> X3 Hybrid G4<\/p>\n<\/li>\n<li data-start=\"1009\" data-end=\"1060\">\n<p data-start=\"1011\" data-end=\"1060\"><strong data-start=\"1011\" data-end=\"1039\">Abmessungen (B \u00d7 H \u00d7 T):<\/strong> 503 \u00d7 503 \u00d7 199 mm<\/p>\n<\/li>\n<li data-start=\"1061\" data-end=\"1124\">\n<p data-start=\"1063\" data-end=\"1124\"><strong data-start=\"1063\" data-end=\"1084\">Leistungsauswahl:<\/strong> 5\u202fkW, 6\u202fkW, 8\u202fkW, 10\u202fkW, bis zu 15\u202fkW<\/p>\n<\/li>\n<li data-start=\"1125\" data-end=\"1184\">\n<p data-start=\"1127\" data-end=\"1184\"><strong data-start=\"1127\" data-end=\"1144\">Wirkungsgrad:<\/strong> Bis zu 98,4\u202f% \u2013 f\u00fcr h\u00f6chste Effizienz<\/p>\n<\/li>\n<li data-start=\"1185\" data-end=\"1234\">\n<p data-start=\"1187\" data-end=\"1234\"><strong data-start=\"1187\" data-end=\"1205\">Kommunikation:<\/strong> WLAN, Ethernet, RS485, CAN<\/p>\n<\/li>\n<li data-start=\"1235\" data-end=\"1288\">\n<p data-start=\"1237\" data-end=\"1288\"><strong data-start=\"1237\" data-end=\"1254\">Schutzklasse:<\/strong> IP65 \u2013 wetterfest und langlebig<\/p>\n<\/li>\n<\/ul>\n<h4 data-start=\"1290\" data-end=\"1325\"><strong data-start=\"1295\" data-end=\"1323\">Installation &amp; Steuerung<\/strong><\/h4>\n<ul data-start=\"1326\" data-end=\"1532\">\n<li data-start=\"1326\" data-end=\"1394\">\n<p data-start=\"1328\" data-end=\"1394\"><strong data-start=\"1328\" data-end=\"1349\">Flexible Montage:<\/strong> Wandmontierbar \u2013 Indoor &amp; Outdoor geeignet<\/p>\n<\/li>\n<li data-start=\"1395\" data-end=\"1455\">\n<p data-start=\"1397\" data-end=\"1455\"><strong data-start=\"1397\" data-end=\"1418\">Smart Monitoring:<\/strong> Echtzeit-Daten per App &amp; Webportal<\/p>\n<\/li>\n<li data-start=\"1456\" data-end=\"1532\">\n<p data-start=\"1458\" data-end=\"1532\"><strong data-start=\"1458\" data-end=\"1477\">Zukunftssicher:<\/strong> Kompatibel mit Smart Grids &amp; dynamischer Laststeuerung<\/p>\n<\/li>\n<\/ul>\n<h4 data-start=\"1534\" data-end=\"1580\"><strong data-start=\"1539\" data-end=\"1578\">Warum diesen Wechselrichter w\u00e4hlen?<\/strong><\/h4>\n<p data-start=\"1581\" data-end=\"1836\">Der <strong data-start=\"1585\" data-end=\"1601\">X3 Hybrid G4<\/strong> vereint starke Leistung, flexible Speicheranbindung und intelligentes Energiemanagement in einem Ger\u00e4t. Perfekt f\u00fcr alle, die mehr aus ihrer PV-Anlage holen und sich auf eine smarte Energiel\u00f6sung f\u00fcr heute und morgen verlassen wollen.<\/p>\n","protected":false},"excerpt":{"rendered":"<p data-start=\"174\" data-end=\"402\">Der <strong data-start=\"178\" data-end=\"194\">X3 Hybrid G4<\/strong> ist ein leistungsstarker Hybrid-Wechselrichter mit verschiedenen Ausf\u00fchrungen von 5 bis 15\u202fkW. Ideal f\u00fcr Wohn- und Gewerbeanlagen, die auf maximale Effizienz, Speicherintegration und smarte Steuerung setzen.<\/p>\n<p><a class=\"requestbut\">Preisanfrage<br \/>\n<\/a><\/p>\n<p><strong>Datenblatt<br \/>\n<a href=\"https:\/\/quickenergy.at\/wp-content\/uploads\/2025\/06\/x3-hybrid-g4-datasheet-de.pdf\">x3-hybrid-g4-datasheet-de<\/a><\/strong><\/p>\n<p>Benutzeranleitungen<br \/>\n<a href=\"https:\/\/quickenergy.at\/wp-content\/uploads\/2025\/06\/x3-hybrid-g4.3-series-installation-manual-231219-de.pdf\">x3-hybrid-g4.3-series-installation-manual-231219-de<\/a><br \/>\n<a href=\"https:\/\/quickenergy.at\/wp-content\/uploads\/2025\/06\/x3-hybrid-g4.3-series-user-manual-de.pdf\">x3-hybrid-g4.3-series-user-manual-de<\/a><br \/>\n<a href=\"https:\/\/quickenergy.at\/wp-content\/uploads\/2025\/06\/x3-hybrid-g4.4-series-installation-manual-231215-de.pdf\">x3-hybrid-g4.4-series-installation-manual-231215-de<\/a><br \/>\n<a href=\"https:\/\/quickenergy.at\/wp-content\/uploads\/2025\/06\/x3-hybrid-g4.4-series-user-manual-de.pdf\">x3-hybrid-g4.4-series-user-manual-de<\/a><\/p>\n","protected":false},"featured_media":18759,"template":"","meta":[],"product_brand":[],"product_cat":[131],"product_tag":[],"class_list":{"0":"post-18756","1":"product","2":"type-product","3":"status-publish","4":"has-post-thumbnail","6":"product_cat-wechselrichter-solax","8":"first","9":"instock","10":"taxable","11":"shipping-taxable","12":"product-type-simple"},"_links":{"self":[{"href":"https:\/\/quickenergy.at\/en\/wp-json\/wp\/v2\/product\/18756","targetHints":{"allow":["GET"]}}],"collection":[{"href":"https:\/\/quickenergy.at\/en\/wp-json\/wp\/v2\/product"}],"about":[{"href":"https:\/\/quickenergy.at\/en\/wp-json\/wp\/v2\/types\/product"}],"version-history":[{"count":7,"href":"https:\/\/quickenergy.at\/en\/wp-json\/wp\/v2\/product\/18756\/revisions"}],"predecessor-version":[{"id":21790,"href":"https:\/\/quickenergy.at\/en\/wp-json\/wp\/v2\/product\/18756\/revisions\/21790"}],"wp:featuredmedia":[{"embeddable":true,"href":"https:\/\/quickenergy.at\/en\/wp-json\/wp\/v2\/media\/18759"}],"wp:attachment":[{"href":"https:\/\/quickenergy.at\/en\/wp-json\/wp\/v2\/media?parent=18756"}],"wp:term":[{"taxonomy":"product_brand","embeddable":true,"href":"https:\/\/quickenergy.at\/en\/wp-json\/wp\/v2\/product_brand?post=18756"},{"taxonomy":"product_cat","embeddable":true,"href":"https:\/\/quickenergy.at\/en\/wp-json\/wp\/v2\/product_cat?post=18756"},{"taxonomy":"product_tag","embeddable":true,"href":"https:\/\/quickenergy.at\/en\/wp-json\/wp\/v2\/product_tag?post=18756"}],"curies":[{"name":"wp","href":"https:\/\/api.w.org\/{rel}","templated":true}]}}