{"id":18721,"date":"2025-06-13T20:38:59","date_gmt":"2025-06-13T18:38:59","guid":{"rendered":"https:\/\/quickenergy.at\/?post_type=product&#038;p=18721"},"modified":"2025-09-17T18:34:38","modified_gmt":"2025-09-17T16:34:38","slug":"ef-hd-p3-10k-s1-powerocean-10-kw","status":"publish","type":"product","link":"https:\/\/quickenergy.at\/en\/produkt\/ef-hd-p3-10k-s1-powerocean-10-kw\/","title":{"rendered":"EF HD-P3- 10K-S1-PowerOcean 10 kW"},"content":{"rendered":"<h3 data-start=\"399\" data-end=\"426\"><strong data-start=\"403\" data-end=\"426\">Produktbeschreibung<\/strong><\/h3>\n<h4 data-start=\"428\" data-end=\"459\"><strong data-start=\"433\" data-end=\"457\">Produkteigenschaften<\/strong><\/h4>\n<p data-start=\"460\" data-end=\"513\"><strong data-start=\"460\" data-end=\"511\">Maximale Leistung. F\u00fcr maximale Unabh\u00e4ngigkeit.<\/strong><\/p>\n<ul data-start=\"514\" data-end=\"943\">\n<li data-start=\"514\" data-end=\"618\">\n<p data-start=\"516\" data-end=\"618\"><strong data-start=\"516\" data-end=\"548\">10\u202fkW Hybrid-Wechselrichter:<\/strong> F\u00fcr gro\u00dfe Haushalte, Gewerbebetriebe oder energieintensive Systeme.<\/p>\n<\/li>\n<li data-start=\"619\" data-end=\"721\">\n<p data-start=\"621\" data-end=\"721\"><strong data-start=\"621\" data-end=\"649\">Bis zu 14\u202fkW PV-Eingang:<\/strong> Erm\u00f6glicht \u00fcberdimensionierte PV-Generatoren f\u00fcr maximale Stromernte.<\/p>\n<\/li>\n<li data-start=\"722\" data-end=\"830\">\n<p data-start=\"724\" data-end=\"830\"><strong data-start=\"724\" data-end=\"749\">3-phasiger Anschluss:<\/strong> Perfekte Netzsymmetrie und zuverl\u00e4ssige Stromversorgung \u2013 auch bei hoher Last.<\/p>\n<\/li>\n<li data-start=\"831\" data-end=\"943\">\n<p data-start=\"833\" data-end=\"943\"><strong data-start=\"833\" data-end=\"881\">Kompatibel mit PowerOcean Batteriespeichern:<\/strong> Ideal f\u00fcr smarte Eigenverbrauchsl\u00f6sungen und Energieautarkie.<\/p>\n<\/li>\n<\/ul>\n<h4 data-start=\"945\" data-end=\"977\"><strong data-start=\"950\" data-end=\"975\">Technische Highlights<\/strong><\/h4>\n<ul data-start=\"978\" data-end=\"1383\">\n<li data-start=\"978\" data-end=\"1009\">\n<p data-start=\"980\" data-end=\"1009\"><strong data-start=\"980\" data-end=\"991\">Modell:<\/strong> EF HD-P3-10K-S1<\/p>\n<\/li>\n<li data-start=\"1010\" data-end=\"1065\">\n<p data-start=\"1012\" data-end=\"1065\"><strong data-start=\"1012\" data-end=\"1044\">Abmessungen (mit Abdeckung):<\/strong> 588\u202f\u00d7\u202f175\u202f\u00d7\u202f380\u202fmm<\/p>\n<\/li>\n<li data-start=\"1066\" data-end=\"1165\">\n<p data-start=\"1068\" data-end=\"1165\"><strong data-start=\"1068\" data-end=\"1086\">Notstromf\u00e4hig:<\/strong> H\u00e4lt kritische Verbraucher bei Stromausfall am Laufen (je nach Systemsetup).<\/p>\n<\/li>\n<li data-start=\"1166\" data-end=\"1269\">\n<p data-start=\"1168\" data-end=\"1269\"><strong data-start=\"1168\" data-end=\"1187\">Hohe Effizienz:<\/strong> Effiziente Stromumwandlung mit minimalem Verlust \u2013 f\u00fcr beste Energieausnutzung.<\/p>\n<\/li>\n<li data-start=\"1270\" data-end=\"1383\">\n<p data-start=\"1272\" data-end=\"1383\"><strong data-start=\"1272\" data-end=\"1293\">Smart Grid Ready:<\/strong> Zukunftssicher durch Unterst\u00fctzung f\u00fcr Netzmanagement, Smart Meter und dynamische Tarife.<\/p>\n<\/li>\n<\/ul>\n<h4 data-start=\"1385\" data-end=\"1420\"><strong data-start=\"1390\" data-end=\"1418\">Installation &amp; Steuerung<\/strong><\/h4>\n<ul data-start=\"1421\" data-end=\"1728\">\n<li data-start=\"1421\" data-end=\"1512\">\n<p data-start=\"1423\" data-end=\"1512\"><strong data-start=\"1423\" data-end=\"1454\">Kompaktes, robustes Design:<\/strong> Einfach zu montieren, platzsparend und wettergesch\u00fctzt.<\/p>\n<\/li>\n<li data-start=\"1513\" data-end=\"1619\">\n<p data-start=\"1515\" data-end=\"1619\"><strong data-start=\"1515\" data-end=\"1545\">Integrierte App-Steuerung:<\/strong> Volle Kontrolle \u00fcber Energiefl\u00fcsse, Speicherstatus und Systemverhalten.<\/p>\n<\/li>\n<li data-start=\"1620\" data-end=\"1728\">\n<p data-start=\"1622\" data-end=\"1728\"><strong data-start=\"1622\" data-end=\"1651\">Intelligentes Management:<\/strong> Steuert nahtlos zwischen PV-Erzeugung, Batterie, Netzbezug und -einspeisung.<\/p>\n<\/li>\n<\/ul>\n<h4 data-start=\"1730\" data-end=\"1776\"><strong data-start=\"1735\" data-end=\"1774\">Warum diesen Wechselrichter w\u00e4hlen?<\/strong><\/h4>\n<p data-start=\"1777\" data-end=\"1994\">Der <strong data-start=\"1781\" data-end=\"1823\">PowerOcean 10\u202fkW Hybrid-Wechselrichter<\/strong> ist f\u00fcr ambitionierte PV-Projekte mit gro\u00dfem Energiebedarf. Maximale Leistung trifft auf smarte Technik \u2013 f\u00fcr mehr Ertrag, mehr Kontrolle und echte Energieunabh\u00e4ngigkeit.<\/p>\n","protected":false},"excerpt":{"rendered":"<p>Leistungsstarker 10\u202fkW 3-phasiger Hybrid-Wechselrichter mit bis zu 14\u202fkW PV-Eingangsleistung \u2013 ideal f\u00fcr gro\u00dfe Photovoltaiksysteme mit Batteriespeicher, Eigenverbrauchsoptimierung und Notstromfunktion.<\/p>\n<p><a class=\"requestbut\">Preisanfrage<\/a><\/p>\n<p><a href=\"https:\/\/quickenergy.at\/wp-content\/uploads\/2025\/06\/EcoFlowPowerOceanHybrid-WechselrichterBenutzerhandbuchV18DE_20240719.pdf\">EcoFlowPowerOceanHybrid-WechselrichterBenutzerhandbuchV18DE_20240719<\/a><br \/>\n<a href=\"https:\/\/quickenergy.at\/wp-content\/uploads\/2025\/06\/EcoflowPowerOceanHybridInverterUserManualV18EN_20240719.pdf\">EcoflowPowerOceanHybridInverterUserManualV18EN_20240719<\/a><\/p>\n","protected":false},"featured_media":18703,"template":"","meta":[],"product_brand":[],"product_cat":[127],"product_tag":[],"class_list":{"0":"post-18721","1":"product","2":"type-product","3":"status-publish","4":"has-post-thumbnail","6":"product_cat-wechselrichter-ecoflow","8":"first","9":"instock","10":"taxable","11":"shipping-taxable","12":"product-type-simple"},"_links":{"self":[{"href":"https:\/\/quickenergy.at\/en\/wp-json\/wp\/v2\/product\/18721","targetHints":{"allow":["GET"]}}],"collection":[{"href":"https:\/\/quickenergy.at\/en\/wp-json\/wp\/v2\/product"}],"about":[{"href":"https:\/\/quickenergy.at\/en\/wp-json\/wp\/v2\/types\/product"}],"version-history":[{"count":2,"href":"https:\/\/quickenergy.at\/en\/wp-json\/wp\/v2\/product\/18721\/revisions"}],"predecessor-version":[{"id":20610,"href":"https:\/\/quickenergy.at\/en\/wp-json\/wp\/v2\/product\/18721\/revisions\/20610"}],"wp:featuredmedia":[{"embeddable":true,"href":"https:\/\/quickenergy.at\/en\/wp-json\/wp\/v2\/media\/18703"}],"wp:attachment":[{"href":"https:\/\/quickenergy.at\/en\/wp-json\/wp\/v2\/media?parent=18721"}],"wp:term":[{"taxonomy":"product_brand","embeddable":true,"href":"https:\/\/quickenergy.at\/en\/wp-json\/wp\/v2\/product_brand?post=18721"},{"taxonomy":"product_cat","embeddable":true,"href":"https:\/\/quickenergy.at\/en\/wp-json\/wp\/v2\/product_cat?post=18721"},{"taxonomy":"product_tag","embeddable":true,"href":"https:\/\/quickenergy.at\/en\/wp-json\/wp\/v2\/product_tag?post=18721"}],"curies":[{"name":"wp","href":"https:\/\/api.w.org\/{rel}","templated":true}]}}