{"id":18584,"date":"2025-06-13T18:20:11","date_gmt":"2025-06-13T16:20:11","guid":{"rendered":"https:\/\/quickenergy.at\/?post_type=product&#038;p=18584"},"modified":"2025-09-30T12:11:43","modified_gmt":"2025-09-30T10:11:43","slug":"triple-power-batterie-t-bat-sys-hv","status":"publish","type":"product","link":"https:\/\/quickenergy.at\/en\/produkt\/triple-power-batterie-t-bat-sys-hv\/","title":{"rendered":"Solax Batteriespeicher &#8211; Triple Power Batterie T-BAT SYS-HV"},"content":{"rendered":"<h3 data-start=\"422\" data-end=\"449\"><strong data-start=\"426\" data-end=\"449\"><span dir=\"auto\" style=\"vertical-align: inherit;\"><span dir=\"auto\" style=\"vertical-align: inherit;\">Produktbeschreibung<\/span><\/span><\/strong><\/h3>\n<h4 data-start=\"451\" data-end=\"482\"><strong data-start=\"456\" data-end=\"480\"><span dir=\"auto\" style=\"vertical-align: inherit;\"><span dir=\"auto\" style=\"vertical-align: inherit;\">Produkteigenschaften<\/span><\/span><\/strong><\/h4>\n<p data-start=\"483\" data-end=\"549\"><strong data-start=\"483\" data-end=\"547\"><span dir=\"auto\" style=\"vertical-align: inherit;\"><span dir=\"auto\" style=\"vertical-align: inherit;\">Modular &amp; leistungsstark \u2013 Speicherl\u00f6sungen f\u00fcr jeden Bedarf<\/span><\/span><\/strong><\/p>\n<ul data-start=\"550\" data-end=\"928\">\n<li data-start=\"550\" data-end=\"682\">\n<p data-start=\"552\" data-end=\"576\"><strong data-start=\"552\" data-end=\"574\"><span dir=\"auto\" style=\"vertical-align: inherit;\"><span dir=\"auto\" style=\"vertical-align: inherit;\">Verf\u00fcgbare Gr\u00f6\u00dfen:<\/span><\/span><\/strong><\/p>\n<ul data-start=\"579\" data-end=\"682\">\n<li data-start=\"579\" data-end=\"613\">\n<p data-start=\"581\" data-end=\"613\"><strong data-start=\"581\" data-end=\"598\"><span dir=\"auto\" style=\"vertical-align: inherit;\"><span dir=\"auto\" style=\"vertical-align: inherit;\">T-BAT 5,8 kWh<\/span><\/span><\/strong><span dir=\"auto\" style=\"vertical-align: inherit;\"><span dir=\"auto\" style=\"vertical-align: inherit;\"> (Basismodul)<\/span><\/span><\/p>\n<\/li>\n<li data-start=\"616\" data-end=\"682\">\n<p data-start=\"618\" data-end=\"682\"><span dir=\"auto\" style=\"vertical-align: inherit;\"><span dir=\"auto\" style=\"vertical-align: inherit;\">Erweiterbar auf bis zu <\/span><\/span><strong data-start=\"634\" data-end=\"646\"><span dir=\"auto\" style=\"vertical-align: inherit;\"><span dir=\"auto\" style=\"vertical-align: inherit;\">23,2 kWh<\/span><\/span><\/strong><span dir=\"auto\" style=\"vertical-align: inherit;\"><span dir=\"auto\" style=\"vertical-align: inherit;\"> durch Kombination mehrerer Module<\/span><\/span><\/p>\n<\/li>\n<\/ul>\n<\/li>\n<li data-start=\"683\" data-end=\"810\">\n<p data-start=\"685\" data-end=\"810\"><strong data-start=\"685\" data-end=\"709\"><span dir=\"auto\" style=\"vertical-align: inherit;\"><span dir=\"auto\" style=\"vertical-align: inherit;\">Hohe Kompatibilit\u00e4t:<\/span><\/span><\/strong><span dir=\"auto\" style=\"vertical-align: inherit;\"><span dir=\"auto\" style=\"vertical-align: inherit;\"> Ideal f\u00fcr Solax Hybridwechselrichter und andere g\u00e4ngige Systeme \u2013 nahtlose Integration garantiert.<\/span><\/span><\/p>\n<\/li>\n<li data-start=\"811\" data-end=\"928\">\n<p data-start=\"813\" data-end=\"928\"><strong data-start=\"813\" data-end=\"830\"><span dir=\"auto\" style=\"vertical-align: inherit;\"><span dir=\"auto\" style=\"vertical-align: inherit;\">DC-gekoppelt:<\/span><\/span><\/strong><span dir=\"auto\" style=\"vertical-align: inherit;\"><span dir=\"auto\" style=\"vertical-align: inherit;\"> Direkter Anschluss an den Wechselrichter f\u00fcr hohe Lade-\/Entladeleistung ohne Umwandlungsverluste.<\/span><\/span><\/p>\n<\/li>\n<\/ul>\n<h4 data-start=\"930\" data-end=\"984\"><strong data-start=\"935\" data-end=\"982\"><span dir=\"auto\" style=\"vertical-align: inherit;\"><span dir=\"auto\" style=\"vertical-align: inherit;\">Sicherheit &amp; Stabilit\u00e4t auf h\u00f6chstem Niveau<\/span><\/span><\/strong><\/h4>\n<ul data-start=\"985\" data-end=\"1305\">\n<li data-start=\"985\" data-end=\"1107\">\n<p data-start=\"987\" data-end=\"1107\"><strong data-start=\"987\" data-end=\"1003\"><span dir=\"auto\" style=\"vertical-align: inherit;\"><span dir=\"auto\" style=\"vertical-align: inherit;\">Batterietyp:<\/span><\/span><\/strong><span dir=\"auto\" style=\"vertical-align: inherit;\"><span dir=\"auto\" style=\"vertical-align: inherit;\"> Lithium-Eisenphosphat (LiFePO4) \u2013 h\u00f6chste Sicherheitsstandards, keine Brandgefahr, lange Lebensdauer.<\/span><\/span><\/p>\n<\/li>\n<li data-start=\"1108\" data-end=\"1219\">\n<p data-start=\"1110\" data-end=\"1219\"><strong data-start=\"1110\" data-end=\"1126\"><span dir=\"auto\" style=\"vertical-align: inherit;\"><span dir=\"auto\" style=\"vertical-align: inherit;\">Lebensdauer:<\/span><\/span><\/strong><span dir=\"auto\" style=\"vertical-align: inherit;\"><span dir=\"auto\" style=\"vertical-align: inherit;\"> \u00dcber 6.000 Ladezyklen mit konstant hoher Kapazit\u00e4t \u2013 f\u00fcr jahrzehntelange Energieunabh\u00e4ngigkeit.<\/span><\/span><\/p>\n<\/li>\n<li data-start=\"1220\" data-end=\"1305\">\n<p data-start=\"1222\" data-end=\"1305\"><strong data-start=\"1222\" data-end=\"1243\"><span dir=\"auto\" style=\"vertical-align: inherit;\"><span dir=\"auto\" style=\"vertical-align: inherit;\">Zertifizierungen:<\/span><\/span><\/strong><span dir=\"auto\" style=\"vertical-align: inherit;\"><span dir=\"auto\" style=\"vertical-align: inherit;\"> CE, UN38.3 und weitere \u2013 gepr\u00fcft nach internationalen Standards.<\/span><\/span><\/p>\n<\/li>\n<\/ul>\n<h4 data-start=\"1307\" data-end=\"1352\"><strong data-start=\"1312\" data-end=\"1350\"><span dir=\"auto\" style=\"vertical-align: inherit;\"><span dir=\"auto\" style=\"vertical-align: inherit;\">Flexible &amp; platzsparende Nutzung<\/span><\/span><\/strong><\/h4>\n<ul data-start=\"1353\" data-end=\"1659\">\n<li data-start=\"1353\" data-end=\"1472\">\n<p data-start=\"1355\" data-end=\"1472\"><strong data-start=\"1355\" data-end=\"1376\"><span dir=\"auto\" style=\"vertical-align: inherit;\"><span dir=\"auto\" style=\"vertical-align: inherit;\">Modulares Design:<\/span><\/span><\/strong><span dir=\"auto\" style=\"vertical-align: inherit;\"><span dir=\"auto\" style=\"vertical-align: inherit;\"> Stapelbar und einfach zu installieren \u2013 geeignet sowohl f\u00fcr Neubauten als auch Nachr\u00fcstungen.<\/span><\/span><\/p>\n<\/li>\n<li data-start=\"1473\" data-end=\"1539\">\n<p data-start=\"1475\" data-end=\"1539\"><strong data-start=\"1475\" data-end=\"1497\"><span dir=\"auto\" style=\"vertical-align: inherit;\"><span dir=\"auto\" style=\"vertical-align: inherit;\">Kompakte Bauweise:<\/span><\/span><\/strong><span dir=\"auto\" style=\"vertical-align: inherit;\"><span dir=\"auto\" style=\"vertical-align: inherit;\"> Ideal f\u00fcr Technikr\u00e4ume mit begrenztem Platz.<\/span><\/span><\/p>\n<\/li>\n<li data-start=\"1540\" data-end=\"1659\">\n<p data-start=\"1542\" data-end=\"1659\"><strong data-start=\"1542\" data-end=\"1571\"><span dir=\"auto\" style=\"vertical-align: inherit;\"><span dir=\"auto\" style=\"vertical-align: inherit;\">Intelligente \u00dcberwachung:<\/span><\/span><\/strong><span dir=\"auto\" style=\"vertical-align: inherit;\"><span dir=\"auto\" style=\"vertical-align: inherit;\"> Steuerbar \u00fcber kompatible Apps zur Ansicht von Ladezustand, Energiefl\u00fcssen und Historie.<\/span><\/span><\/p>\n<\/li>\n<\/ul>\n<h4 data-start=\"1661\" data-end=\"1700\"><strong data-start=\"1666\" data-end=\"1698\"><span dir=\"auto\" style=\"vertical-align: inherit;\"><span dir=\"auto\" style=\"vertical-align: inherit;\">Warum diese Batterie w\u00e4hlen?<\/span><\/span><\/strong><\/h4>\n<p data-start=\"1701\" data-end=\"1962\"><span dir=\"auto\" style=\"vertical-align: inherit;\"><span dir=\"auto\" style=\"vertical-align: inherit;\">Die <\/span><\/span><strong data-start=\"1705\" data-end=\"1743\"><span dir=\"auto\" style=\"vertical-align: inherit;\"><span dir=\"auto\" style=\"vertical-align: inherit;\">T-BAT SYS-HV Triple Power Batterie<\/span><\/span><\/strong><span dir=\"auto\" style=\"vertical-align: inherit;\"><span dir=\"auto\" style=\"vertical-align: inherit;\"> ist eine zuverl\u00e4ssige, skalierbare L\u00f6sung f\u00fcr Haushalte und kleine Unternehmen. Mit hoher Effizienz, flexibler Erweiterbarkeit und sicherer Technologie ist sie eine zukunftssichere Investition in echte Energieunabh\u00e4ngigkeit.<\/span><\/span><\/p>\n","protected":false},"excerpt":{"rendered":"<p data-start=\"248\" data-end=\"415\"><span dir=\"auto\" style=\"vertical-align: inherit;\"><span dir=\"auto\" style=\"vertical-align: inherit;\">Hochvolt-Batteriespeicher mit modularer Kapazit\u00e4t von 5,8 kWh bis 23,2 kWh \u2013 ideal f\u00fcr private und gewerbliche PV-Anlagen mit Fokus auf Flexibilit\u00e4t und Langlebigkeit.<\/span><\/span><\/p>\n<p><a class=\"requestbut\"><span dir=\"auto\" style=\"vertical-align: inherit;\"><span dir=\"auto\" style=\"vertical-align: inherit;\">Preisanfrage<\/span><\/span><\/a><\/p>\n<p>&nbsp;<\/p>\n<p><strong><span dir=\"auto\" style=\"vertical-align: inherit;\"><span dir=\"auto\" style=\"vertical-align: inherit;\">Datenblatt <\/span><\/span><br \/>\n<\/strong><a href=\"https:\/\/quickenergy.at\/wp-content\/uploads\/2025\/06\/t-bat-sys-hv-5.8-t58-datasheet-de.pdf\"><span dir=\"auto\" style=\"vertical-align: inherit;\"><span dir=\"auto\" style=\"vertical-align: inherit;\">de-Datenblatt<\/span><\/span><\/a><\/p>\n<p><strong><span dir=\"auto\" style=\"vertical-align: inherit;\"><span dir=\"auto\" style=\"vertical-align: inherit;\">Bedienungsanleitungen <\/span><\/span><br \/>\n<a href=\"https:\/\/quickenergy.at\/wp-content\/uploads\/2025\/06\/t-bat-sys-hv-5.8-user-manual-de.pdf\"><span dir=\"auto\" style=\"vertical-align: inherit;\"><span dir=\"auto\" style=\"vertical-align: inherit;\">de-Bedienungsanleitungen<\/span><\/span><\/a><br \/>\n<a href=\"https:\/\/quickenergy.at\/wp-content\/uploads\/2025\/06\/t-bat-sys-hv-5.8-installation-guide-de.pdf\"><span dir=\"auto\" style=\"vertical-align: inherit;\"><span dir=\"auto\" style=\"vertical-align: inherit;\">en-Bedienungsanleitungen<\/span><\/span><\/a><\/strong><br \/>\n<strong><br \/>\n<\/strong><\/p>\n","protected":false},"featured_media":18591,"template":"","meta":[],"product_brand":[],"product_cat":[124],"product_tag":[],"class_list":{"0":"post-18584","1":"product","2":"type-product","3":"status-publish","4":"has-post-thumbnail","6":"product_cat-stromspeicher-solax","8":"first","9":"instock","10":"taxable","11":"shipping-taxable","12":"product-type-simple"},"_links":{"self":[{"href":"https:\/\/quickenergy.at\/en\/wp-json\/wp\/v2\/product\/18584","targetHints":{"allow":["GET"]}}],"collection":[{"href":"https:\/\/quickenergy.at\/en\/wp-json\/wp\/v2\/product"}],"about":[{"href":"https:\/\/quickenergy.at\/en\/wp-json\/wp\/v2\/types\/product"}],"version-history":[{"count":10,"href":"https:\/\/quickenergy.at\/en\/wp-json\/wp\/v2\/product\/18584\/revisions"}],"predecessor-version":[{"id":21956,"href":"https:\/\/quickenergy.at\/en\/wp-json\/wp\/v2\/product\/18584\/revisions\/21956"}],"wp:featuredmedia":[{"embeddable":true,"href":"https:\/\/quickenergy.at\/en\/wp-json\/wp\/v2\/media\/18591"}],"wp:attachment":[{"href":"https:\/\/quickenergy.at\/en\/wp-json\/wp\/v2\/media?parent=18584"}],"wp:term":[{"taxonomy":"product_brand","embeddable":true,"href":"https:\/\/quickenergy.at\/en\/wp-json\/wp\/v2\/product_brand?post=18584"},{"taxonomy":"product_cat","embeddable":true,"href":"https:\/\/quickenergy.at\/en\/wp-json\/wp\/v2\/product_cat?post=18584"},{"taxonomy":"product_tag","embeddable":true,"href":"https:\/\/quickenergy.at\/en\/wp-json\/wp\/v2\/product_tag?post=18584"}],"curies":[{"name":"wp","href":"https:\/\/api.w.org\/{rel}","templated":true}]}}