{"id":18575,"date":"2025-06-13T18:04:04","date_gmt":"2025-06-13T16:04:04","guid":{"rendered":"https:\/\/quickenergy.at\/?post_type=product&#038;p=18575"},"modified":"2025-09-30T15:02:36","modified_gmt":"2025-09-30T13:02:36","slug":"huawei-luna2000-batteriemodul-7-14-21-s1","status":"publish","type":"product","link":"https:\/\/quickenergy.at\/en\/produkt\/huawei-luna2000-batteriemodul-7-14-21-s1\/","title":{"rendered":"Huawei Batteriespeicher &#8211; Luna2000 Batteriemodul 7\/14\/21-S1"},"content":{"rendered":"<h3 data-start=\"410\" data-end=\"437\"><strong data-start=\"414\" data-end=\"437\"><span dir=\"auto\" style=\"vertical-align: inherit;\"><span dir=\"auto\" style=\"vertical-align: inherit;\">Produktbeschreibung<\/span><\/span><\/strong><\/h3>\n<h4 data-start=\"439\" data-end=\"470\"><strong data-start=\"444\" data-end=\"468\"><span dir=\"auto\" style=\"vertical-align: inherit;\"><span dir=\"auto\" style=\"vertical-align: inherit;\">Produkteigenschaften<\/span><\/span><\/strong><\/h4>\n<p data-start=\"471\" data-end=\"524\"><strong data-start=\"471\" data-end=\"522\"><span dir=\"auto\" style=\"vertical-align: inherit;\"><span dir=\"auto\" style=\"vertical-align: inherit;\">Modulare Speicherl\u00f6sung f\u00fcr jede Haushaltsgr\u00f6\u00dfe<\/span><\/span><\/strong><\/p>\n<ul data-start=\"525\" data-end=\"898\">\n<li data-start=\"525\" data-end=\"680\">\n<p data-start=\"527\" data-end=\"556\"><strong data-start=\"527\" data-end=\"554\"><span dir=\"auto\" style=\"vertical-align: inherit;\"><span dir=\"auto\" style=\"vertical-align: inherit;\">Verf\u00fcgbar in 3 Gr\u00f6\u00dfen:<\/span><\/span><\/strong><\/p>\n<ul data-start=\"559\" data-end=\"680\">\n<li data-start=\"559\" data-end=\"596\">\n<p data-start=\"561\" data-end=\"596\"><strong data-start=\"561\" data-end=\"570\"><span dir=\"auto\" style=\"vertical-align: inherit;\"><span dir=\"auto\" style=\"vertical-align: inherit;\">7 kWh<\/span><\/span><\/strong><span dir=\"auto\" style=\"vertical-align: inherit;\"><span dir=\"auto\" style=\"vertical-align: inherit;\"> (1 Batteriemodul + BMS)<\/span><\/span><\/p>\n<\/li>\n<li data-start=\"599\" data-end=\"638\">\n<p data-start=\"601\" data-end=\"638\"><strong data-start=\"601\" data-end=\"611\"><span dir=\"auto\" style=\"vertical-align: inherit;\"><span dir=\"auto\" style=\"vertical-align: inherit;\">14 kWh<\/span><\/span><\/strong><span dir=\"auto\" style=\"vertical-align: inherit;\"><span dir=\"auto\" style=\"vertical-align: inherit;\"> (2 Batteriemodule + BMS)<\/span><\/span><\/p>\n<\/li>\n<li data-start=\"641\" data-end=\"680\">\n<p data-start=\"643\" data-end=\"680\"><strong data-start=\"643\" data-end=\"653\"><span dir=\"auto\" style=\"vertical-align: inherit;\"><span dir=\"auto\" style=\"vertical-align: inherit;\">21 kWh<\/span><\/span><\/strong><span dir=\"auto\" style=\"vertical-align: inherit;\"><span dir=\"auto\" style=\"vertical-align: inherit;\"> (3 Batteriemodule + BMS)<\/span><\/span><\/p>\n<\/li>\n<\/ul>\n<\/li>\n<li data-start=\"681\" data-end=\"785\">\n<p data-start=\"683\" data-end=\"785\"><strong data-start=\"683\" data-end=\"708\"><span dir=\"auto\" style=\"vertical-align: inherit;\"><span dir=\"auto\" style=\"vertical-align: inherit;\">Flexible Erweiterung:<\/span><\/span><\/strong><span dir=\"auto\" style=\"vertical-align: inherit;\"><span dir=\"auto\" style=\"vertical-align: inherit;\"> Skalierbar nach Bedarf \u2013 einfache Nachr\u00fcstung oder Erweiterung m\u00f6glich.<\/span><\/span><\/p>\n<\/li>\n<li data-start=\"786\" data-end=\"898\">\n<p data-start=\"788\" data-end=\"898\"><strong data-start=\"788\" data-end=\"807\"><span dir=\"auto\" style=\"vertical-align: inherit;\"><span dir=\"auto\" style=\"vertical-align: inherit;\">Kompatibilit\u00e4t:<\/span><\/span><\/strong><span dir=\"auto\" style=\"vertical-align: inherit;\"><span dir=\"auto\" style=\"vertical-align: inherit;\"> Optimal abgestimmt auf Huawei Wechselrichter (z. B. SUN2000) \u2013 perfekte Systemintegration.<\/span><\/span><\/p>\n<\/li>\n<\/ul>\n<h4 data-start=\"900\" data-end=\"929\"><strong data-start=\"905\" data-end=\"927\"><span dir=\"auto\" style=\"vertical-align: inherit;\"><span dir=\"auto\" style=\"vertical-align: inherit;\">Sicher &amp; langlebig<\/span><\/span><\/strong><\/h4>\n<ul data-start=\"930\" data-end=\"1286\">\n<li data-start=\"930\" data-end=\"1048\">\n<p data-start=\"932\" data-end=\"1048\"><strong data-start=\"932\" data-end=\"948\"><span dir=\"auto\" style=\"vertical-align: inherit;\"><span dir=\"auto\" style=\"vertical-align: inherit;\">Batterietyp:<\/span><\/span><\/strong><span dir=\"auto\" style=\"vertical-align: inherit;\"><span dir=\"auto\" style=\"vertical-align: inherit;\"> Lithium-Eisenphosphat (LiFePO4) \u2013 f\u00fcr maximale Sicherheit, lange Lebensdauer und stabile Leistung.<\/span><\/span><\/p>\n<\/li>\n<li data-start=\"1049\" data-end=\"1143\">\n<p data-start=\"1051\" data-end=\"1143\"><strong data-start=\"1051\" data-end=\"1067\"><span dir=\"auto\" style=\"vertical-align: inherit;\"><span dir=\"auto\" style=\"vertical-align: inherit;\">Lebensdauer:<\/span><\/span><\/strong><span dir=\"auto\" style=\"vertical-align: inherit;\"><span dir=\"auto\" style=\"vertical-align: inherit;\"> \u00dcber 6.000 Ladezyklen mit hoher Effizienz und gleichbleibender Kapazit\u00e4t.<\/span><\/span><\/p>\n<\/li>\n<li data-start=\"1144\" data-end=\"1286\">\n<p data-start=\"1146\" data-end=\"1286\"><strong data-start=\"1146\" data-end=\"1170\"><span dir=\"auto\" style=\"vertical-align: inherit;\"><span dir=\"auto\" style=\"vertical-align: inherit;\">Sicherheitsfunktionen:<\/span><\/span><\/strong><span dir=\"auto\" style=\"vertical-align: inherit;\"><span dir=\"auto\" style=\"vertical-align: inherit;\"> Integrierter \u00dcberspannungsschutz, Temperatur\u00fcberwachung, automatische Fehlerdiagnose \u2013 maximale Betriebssicherheit.<\/span><\/span><\/p>\n<\/li>\n<\/ul>\n<h4 data-start=\"1288\" data-end=\"1325\"><strong data-start=\"1293\" data-end=\"1323\"><span dir=\"auto\" style=\"vertical-align: inherit;\"><span dir=\"auto\" style=\"vertical-align: inherit;\">Intelligent &amp; platzsparend<\/span><\/span><\/strong><\/h4>\n<ul data-start=\"1326\" data-end=\"1658\">\n<li data-start=\"1326\" data-end=\"1409\">\n<p data-start=\"1328\" data-end=\"1409\"><strong data-start=\"1328\" data-end=\"1348\"><span dir=\"auto\" style=\"vertical-align: inherit;\"><span dir=\"auto\" style=\"vertical-align: inherit;\">Modernes Design:<\/span><\/span><\/strong><span dir=\"auto\" style=\"vertical-align: inherit;\"><span dir=\"auto\" style=\"vertical-align: inherit;\"> Schlanke Bauweise, stapelbar \u2013 spart Platz im Technikraum.<\/span><\/span><\/p>\n<\/li>\n<li data-start=\"1410\" data-end=\"1544\">\n<p data-start=\"1412\" data-end=\"1544\"><strong data-start=\"1412\" data-end=\"1439\"><span dir=\"auto\" style=\"vertical-align: inherit;\"><span dir=\"auto\" style=\"vertical-align: inherit;\">Intelligente Steuerung:<\/span><\/span><\/strong><span dir=\"auto\" style=\"vertical-align: inherit;\"><span dir=\"auto\" style=\"vertical-align: inherit;\"> In Kombination mit der Huawei FusionSolar App haben Sie die volle Kontrolle \u00fcber Ladezustand, Verbrauch und Einspeisung.<\/span><\/span><\/p>\n<\/li>\n<li data-start=\"1545\" data-end=\"1658\">\n<p data-start=\"1547\" data-end=\"1658\"><strong data-start=\"1547\" data-end=\"1561\"><span dir=\"auto\" style=\"vertical-align: inherit;\"><span dir=\"auto\" style=\"vertical-align: inherit;\">Effizienz:<\/span><\/span><\/strong><span dir=\"auto\" style=\"vertical-align: inherit;\"><span dir=\"auto\" style=\"vertical-align: inherit;\"> Hohe Lade- und Entladeleistung \u2013 ideal f\u00fcr Tag-\/Nachtbetrieb und Insell\u00f6sungen.<\/span><\/span><\/p>\n<\/li>\n<\/ul>\n<h4 data-start=\"1660\" data-end=\"1700\"><strong data-start=\"1665\" data-end=\"1698\"><span dir=\"auto\" style=\"vertical-align: inherit;\"><span dir=\"auto\" style=\"vertical-align: inherit;\">Warum diesen Speicher w\u00e4hlen?<\/span><\/span><\/strong><\/h4>\n<p data-start=\"1701\" data-end=\"1963\"><span dir=\"auto\" style=\"vertical-align: inherit;\"><span dir=\"auto\" style=\"vertical-align: inherit;\">Das <\/span><\/span><strong data-start=\"1705\" data-end=\"1749\"><span dir=\"auto\" style=\"vertical-align: inherit;\"><span dir=\"auto\" style=\"vertical-align: inherit;\">Huawei Luna2000 Batteriemodul 7\/14\/21-S1<\/span><\/span><\/strong><span dir=\"auto\" style=\"vertical-align: inherit;\"><span dir=\"auto\" style=\"vertical-align: inherit;\"> bietet ein zukunftssicheres Speichersystem f\u00fcr Privathaushalte mit PV-Anlagen. Dank der modularen Struktur passt es sich flexibel an individuelle Energiebed\u00fcrfnisse an \u2013 von Basisl\u00f6sungen bis hin zu High-End-Speichern.<\/span><\/span><\/p>\n","protected":false},"excerpt":{"rendered":"<p data-start=\"245\" data-end=\"403\"><span dir=\"auto\" style=\"vertical-align: inherit;\"><span dir=\"auto\" style=\"vertical-align: inherit;\">Modularer Hochvolt-Batteriespeicher mit 7\u201321 kWh Kapazit\u00e4t \u2013 effizient, sicher und kompatibel mit Huawei-Wechselrichtern f\u00fcr flexible Eigenverbrauchsl\u00f6sungen.<\/span><\/span><\/p>\n<p>&nbsp;<\/p>\n<p><a class=\"requestbut\"><span dir=\"auto\" style=\"vertical-align: inherit;\"><span dir=\"auto\" style=\"vertical-align: inherit;\">Preisanfrage<\/span><\/span><\/a><\/p>\n<p>&nbsp;<\/p>\n<ul data-start=\"559\" data-end=\"680\">\n<li data-start=\"559\" data-end=\"596\">\n<ul>\n<li>\n<p data-start=\"527\" data-end=\"556\"><strong data-start=\"527\" data-end=\"554\"><span dir=\"auto\" style=\"vertical-align: inherit;\">Verf\u00fcgbar in 3 Gr\u00f6\u00dfen:<\/span><\/strong><\/p>\n<ul data-start=\"559\" data-end=\"680\">\n<li data-start=\"559\" data-end=\"596\">\n<p data-start=\"561\" data-end=\"596\"><strong data-start=\"561\" data-end=\"570\"><span dir=\"auto\" style=\"vertical-align: inherit;\">7 kWh<\/span><\/strong><span dir=\"auto\" style=\"vertical-align: inherit;\"> (1 Batteriemodul + BMS)<\/span><\/p>\n<\/li>\n<li data-start=\"599\" data-end=\"638\">\n<p data-start=\"601\" data-end=\"638\"><strong data-start=\"601\" data-end=\"611\"><span dir=\"auto\" style=\"vertical-align: inherit;\">14 kWh<\/span><\/strong><span dir=\"auto\" style=\"vertical-align: inherit;\"> (2 Batteriemodule + BMS)<\/span><\/p>\n<\/li>\n<li data-start=\"641\" data-end=\"680\">\n<p data-start=\"643\" data-end=\"680\"><strong data-start=\"643\" data-end=\"653\"><span dir=\"auto\" style=\"vertical-align: inherit;\">21 kWh<\/span><\/strong><span dir=\"auto\" style=\"vertical-align: inherit;\"> (3 Batteriemodule + BMS)<\/span><\/p>\n<\/li>\n<\/ul>\n<\/li>\n<\/ul>\n<\/li>\n<\/ul>\n","protected":false},"featured_media":18579,"template":"","meta":[],"product_brand":[],"product_cat":[123],"product_tag":[],"class_list":{"0":"post-18575","1":"product","2":"type-product","3":"status-publish","4":"has-post-thumbnail","6":"product_cat-stromspeicher-huawei","8":"first","9":"instock","10":"taxable","11":"shipping-taxable","12":"product-type-simple"},"_links":{"self":[{"href":"https:\/\/quickenergy.at\/en\/wp-json\/wp\/v2\/product\/18575","targetHints":{"allow":["GET"]}}],"collection":[{"href":"https:\/\/quickenergy.at\/en\/wp-json\/wp\/v2\/product"}],"about":[{"href":"https:\/\/quickenergy.at\/en\/wp-json\/wp\/v2\/types\/product"}],"version-history":[{"count":8,"href":"https:\/\/quickenergy.at\/en\/wp-json\/wp\/v2\/product\/18575\/revisions"}],"predecessor-version":[{"id":21961,"href":"https:\/\/quickenergy.at\/en\/wp-json\/wp\/v2\/product\/18575\/revisions\/21961"}],"wp:featuredmedia":[{"embeddable":true,"href":"https:\/\/quickenergy.at\/en\/wp-json\/wp\/v2\/media\/18579"}],"wp:attachment":[{"href":"https:\/\/quickenergy.at\/en\/wp-json\/wp\/v2\/media?parent=18575"}],"wp:term":[{"taxonomy":"product_brand","embeddable":true,"href":"https:\/\/quickenergy.at\/en\/wp-json\/wp\/v2\/product_brand?post=18575"},{"taxonomy":"product_cat","embeddable":true,"href":"https:\/\/quickenergy.at\/en\/wp-json\/wp\/v2\/product_cat?post=18575"},{"taxonomy":"product_tag","embeddable":true,"href":"https:\/\/quickenergy.at\/en\/wp-json\/wp\/v2\/product_tag?post=18575"}],"curies":[{"name":"wp","href":"https:\/\/api.w.org\/{rel}","templated":true}]}}