{"id":18562,"date":"2025-06-13T17:34:37","date_gmt":"2025-06-13T15:34:37","guid":{"rendered":"https:\/\/quickenergy.at\/?post_type=product&#038;p=18562"},"modified":"2025-09-30T15:08:29","modified_gmt":"2025-09-30T13:08:29","slug":"powerocean-dc-fit-153","status":"publish","type":"product","link":"https:\/\/quickenergy.at\/en\/produkt\/powerocean-dc-fit-153\/","title":{"rendered":"Ecoflow PowerOcean DC Fit 15,3"},"content":{"rendered":"<h3 data-start=\"413\" data-end=\"440\"><strong data-start=\"417\" data-end=\"440\"><span dir=\"auto\" style=\"vertical-align: inherit;\"><span dir=\"auto\" style=\"vertical-align: inherit;\">Produktbeschreibung<\/span><\/span><\/strong><\/h3>\n<h4 data-start=\"442\" data-end=\"473\"><strong data-start=\"447\" data-end=\"471\"><span dir=\"auto\" style=\"vertical-align: inherit;\"><span dir=\"auto\" style=\"vertical-align: inherit;\">Produkteigenschaften<\/span><\/span><\/strong><\/h4>\n<p data-start=\"474\" data-end=\"524\"><strong data-start=\"474\" data-end=\"522\"><span dir=\"auto\" style=\"vertical-align: inherit;\"><span dir=\"auto\" style=\"vertical-align: inherit;\">Maximale Energie f\u00fcr maximale Unabh\u00e4ngigkeit<\/span><\/span><\/strong><\/p>\n<ul data-start=\"525\" data-end=\"871\">\n<li data-start=\"525\" data-end=\"647\">\n<p data-start=\"527\" data-end=\"647\"><strong data-start=\"527\" data-end=\"549\"><span dir=\"auto\" style=\"vertical-align: inherit;\"><span dir=\"auto\" style=\"vertical-align: inherit;\">Speicherkapazit\u00e4t:<\/span><\/span><\/strong><span dir=\"auto\" style=\"vertical-align: inherit;\"><span dir=\"auto\" style=\"vertical-align: inherit;\"> 15,3 kWh \u2013 ideal f\u00fcr Haushalte mit sehr hohem Energieverbrauch oder kleinere Unternehmen.<\/span><\/span><\/p>\n<\/li>\n<li data-start=\"648\" data-end=\"779\">\n<p data-start=\"650\" data-end=\"779\"><strong data-start=\"650\" data-end=\"666\"><span dir=\"auto\" style=\"vertical-align: inherit;\"><span dir=\"auto\" style=\"vertical-align: inherit;\">DC-Kopplung:<\/span><\/span><\/strong><span dir=\"auto\" style=\"vertical-align: inherit;\"><span dir=\"auto\" style=\"vertical-align: inherit;\"> Direkter Anschluss an PowerOcean Hybridwechselrichter \u2013 keine Umwandlungsverluste, f\u00fcr maximale Systemeffizienz.<\/span><\/span><\/p>\n<\/li>\n<li data-start=\"780\" data-end=\"871\">\n<p data-start=\"782\" data-end=\"871\"><strong data-start=\"782\" data-end=\"798\"><span dir=\"auto\" style=\"vertical-align: inherit;\"><span dir=\"auto\" style=\"vertical-align: inherit;\">Modularit\u00e4t:<\/span><\/span><\/strong><span dir=\"auto\" style=\"vertical-align: inherit;\"><span dir=\"auto\" style=\"vertical-align: inherit;\"> Erweiterbar auf bis zu 20,4 kWh \u2013 zukunftssicher f\u00fcr steigenden Energiebedarf.<\/span><\/span><\/p>\n<\/li>\n<\/ul>\n<h4 data-start=\"873\" data-end=\"916\"><strong data-start=\"878\" data-end=\"914\"><span dir=\"auto\" style=\"vertical-align: inherit;\"><span dir=\"auto\" style=\"vertical-align: inherit;\">Kompakte Leistung auf kleinstem Raum<\/span><\/span><\/strong><\/h4>\n<ul data-start=\"917\" data-end=\"1215\">\n<li data-start=\"917\" data-end=\"950\">\n<p data-start=\"919\" data-end=\"950\"><strong data-start=\"919\" data-end=\"928\"><span dir=\"auto\" style=\"vertical-align: inherit;\"><span dir=\"auto\" style=\"vertical-align: inherit;\">Abmessungen:<\/span><\/span><\/strong><span dir=\"auto\" style=\"vertical-align: inherit;\"><span dir=\"auto\" style=\"vertical-align: inherit;\"> 680 x 201 x 1475 mm<\/span><\/span><\/p>\n<\/li>\n<li data-start=\"951\" data-end=\"994\">\n<p data-start=\"953\" data-end=\"994\"><strong data-start=\"953\" data-end=\"965\"><span dir=\"auto\" style=\"vertical-align: inherit;\"><span dir=\"auto\" style=\"vertical-align: inherit;\">Gewicht:<\/span><\/span><\/strong><span dir=\"auto\" style=\"vertical-align: inherit;\"><span dir=\"auto\" style=\"vertical-align: inherit;\"> ca. 125\u2013130 kg (gesch\u00e4tzt)<\/span><\/span><\/p>\n<\/li>\n<li data-start=\"995\" data-end=\"1116\">\n<p data-start=\"997\" data-end=\"1116\"><strong data-start=\"997\" data-end=\"1023\"><span dir=\"auto\" style=\"vertical-align: inherit;\"><span dir=\"auto\" style=\"vertical-align: inherit;\">Flexible Installation:<\/span><\/span><\/strong><span dir=\"auto\" style=\"vertical-align: inherit;\"><span dir=\"auto\" style=\"vertical-align: inherit;\"> Geeignet f\u00fcr Wandmontage oder Bodeninstallation \u2013 schlank und platzsparend trotz Gr\u00f6\u00dfe.<\/span><\/span><\/p>\n<\/li>\n<li data-start=\"1117\" data-end=\"1215\">\n<p data-start=\"1119\" data-end=\"1215\"><strong data-start=\"1119\" data-end=\"1140\"><span dir=\"auto\" style=\"vertical-align: inherit;\"><span dir=\"auto\" style=\"vertical-align: inherit;\">Robustes Geh\u00e4use:<\/span><\/span><\/strong><span dir=\"auto\" style=\"vertical-align: inherit;\"><span dir=\"auto\" style=\"vertical-align: inherit;\"> Schutzklasse IP65 \u2013 geeignet f\u00fcr Innenr\u00e4ume oder \u00fcberdachte Au\u00dfenbereiche.<\/span><\/span><\/p>\n<\/li>\n<\/ul>\n<h4 data-start=\"1217\" data-end=\"1251\"><strong data-start=\"1222\" data-end=\"1249\"><span dir=\"auto\" style=\"vertical-align: inherit;\"><span dir=\"auto\" style=\"vertical-align: inherit;\">Zuverl\u00e4ssig &amp; langlebig<\/span><\/span><\/strong><\/h4>\n<ul data-start=\"1252\" data-end=\"1571\">\n<li data-start=\"1252\" data-end=\"1364\">\n<p data-start=\"1254\" data-end=\"1364\"><strong data-start=\"1254\" data-end=\"1270\"><span dir=\"auto\" style=\"vertical-align: inherit;\"><span dir=\"auto\" style=\"vertical-align: inherit;\">Batterietyp:<\/span><\/span><\/strong><span dir=\"auto\" style=\"vertical-align: inherit;\"><span dir=\"auto\" style=\"vertical-align: inherit;\"> Lithium-Eisenphosphat (LiFePO4) \u2013 bekannt f\u00fcr hohe Sicherheit, Langlebigkeit und Effizienz.<\/span><\/span><\/p>\n<\/li>\n<li data-start=\"1365\" data-end=\"1468\">\n<p data-start=\"1367\" data-end=\"1468\"><strong data-start=\"1367\" data-end=\"1383\"><span dir=\"auto\" style=\"vertical-align: inherit;\"><span dir=\"auto\" style=\"vertical-align: inherit;\">Lebensdauer:<\/span><\/span><\/strong><span dir=\"auto\" style=\"vertical-align: inherit;\"><span dir=\"auto\" style=\"vertical-align: inherit;\"> \u00dcber 6.000 Ladezyklen \u2013 bei 90 % Entladetiefe ohne nennenswerte Leistungseinbu\u00dfen.<\/span><\/span><\/p>\n<\/li>\n<li data-start=\"1469\" data-end=\"1571\">\n<p data-start=\"1471\" data-end=\"1571\"><strong data-start=\"1471\" data-end=\"1492\"><span dir=\"auto\" style=\"vertical-align: inherit;\"><span dir=\"auto\" style=\"vertical-align: inherit;\">Intelligente Steuerung:<\/span><\/span><\/strong><span dir=\"auto\" style=\"vertical-align: inherit;\"><span dir=\"auto\" style=\"vertical-align: inherit;\"> Automatische Optimierung der Energiefl\u00fcsse \u2013 mehr Eigenverbrauch, weniger Netzbezug.<\/span><\/span><\/p>\n<\/li>\n<\/ul>\n<h4 data-start=\"1573\" data-end=\"1613\"><strong data-start=\"1578\" data-end=\"1611\"><span dir=\"auto\" style=\"vertical-align: inherit;\"><span dir=\"auto\" style=\"vertical-align: inherit;\">Warum diesen Speicher w\u00e4hlen?<\/span><\/span><\/strong><\/h4>\n<p data-start=\"1614\" data-end=\"1887\"><span dir=\"auto\" style=\"vertical-align: inherit;\"><span dir=\"auto\" style=\"vertical-align: inherit;\">Der <\/span><\/span><strong data-start=\"1618\" data-end=\"1644\"><span dir=\"auto\" style=\"vertical-align: inherit;\"><span dir=\"auto\" style=\"vertical-align: inherit;\">PowerOcean DC Fit 15.3<\/span><\/span><\/strong><span dir=\"auto\" style=\"vertical-align: inherit;\"><span dir=\"auto\" style=\"vertical-align: inherit;\"> bietet maximale Kapazit\u00e4t f\u00fcr Haushalte oder Unternehmen mit hohem Energiebedarf. Die Kombination aus Modularit\u00e4t, leistungsstarker Performance und intelligenter Steuerung macht ihn zur erstklassigen Nachr\u00fcstl\u00f6sung f\u00fcr nachhaltige Energieunabh\u00e4ngigkeit.<\/span><\/span><\/p>\n","protected":false},"excerpt":{"rendered":"<p data-start=\"253\" data-end=\"406\"><span dir=\"auto\" style=\"vertical-align: inherit;\"><span dir=\"auto\" style=\"vertical-align: inherit;\">15,3 kWh Hochvolt-Nachr\u00fcstspeicher f\u00fcr bestehende PV-Anlagen \u2013 maximale Speicherkapazit\u00e4t, h\u00f6chste Effizienz und volle Kontrolle \u00fcber den Eigenverbrauch.<\/span><\/span><\/p>\n<p><a class=\"requestbut\"><span dir=\"auto\" style=\"vertical-align: inherit;\"><span dir=\"auto\" style=\"vertical-align: inherit;\">Preisanfrage<\/span><\/span><\/a><\/p>\n<p>&nbsp;<\/p>\n<p><strong data-start=\"120\" data-end=\"149\">EcoFlow PowerOcean DC Fit<\/strong> ist eine unkomplizierte und innovative L\u00f6sung zur Nachr\u00fcstung bestehender Solaranlagen ohne Speicher. Dank der einfachen Integration einer Batterie mit bis zu 15 kWh l\u00e4sst sich Ihr PV-System m\u00fchelos erweitern \u2013 f\u00fcr mehr Unabh\u00e4ngigkeit und eine kosteneffiziente Eigenversorgung mit Solarstrom.<\/p>\n","protected":false},"featured_media":18565,"template":"","meta":[],"product_brand":[],"product_cat":[121],"product_tag":[],"class_list":{"0":"post-18562","1":"product","2":"type-product","3":"status-publish","4":"has-post-thumbnail","6":"product_cat-stromspeicher-ecoflow","8":"first","9":"instock","10":"taxable","11":"shipping-taxable","12":"product-type-simple"},"_links":{"self":[{"href":"https:\/\/quickenergy.at\/en\/wp-json\/wp\/v2\/product\/18562","targetHints":{"allow":["GET"]}}],"collection":[{"href":"https:\/\/quickenergy.at\/en\/wp-json\/wp\/v2\/product"}],"about":[{"href":"https:\/\/quickenergy.at\/en\/wp-json\/wp\/v2\/types\/product"}],"version-history":[{"count":8,"href":"https:\/\/quickenergy.at\/en\/wp-json\/wp\/v2\/product\/18562\/revisions"}],"predecessor-version":[{"id":21964,"href":"https:\/\/quickenergy.at\/en\/wp-json\/wp\/v2\/product\/18562\/revisions\/21964"}],"wp:featuredmedia":[{"embeddable":true,"href":"https:\/\/quickenergy.at\/en\/wp-json\/wp\/v2\/media\/18565"}],"wp:attachment":[{"href":"https:\/\/quickenergy.at\/en\/wp-json\/wp\/v2\/media?parent=18562"}],"wp:term":[{"taxonomy":"product_brand","embeddable":true,"href":"https:\/\/quickenergy.at\/en\/wp-json\/wp\/v2\/product_brand?post=18562"},{"taxonomy":"product_cat","embeddable":true,"href":"https:\/\/quickenergy.at\/en\/wp-json\/wp\/v2\/product_cat?post=18562"},{"taxonomy":"product_tag","embeddable":true,"href":"https:\/\/quickenergy.at\/en\/wp-json\/wp\/v2\/product_tag?post=18562"}],"curies":[{"name":"wp","href":"https:\/\/api.w.org\/{rel}","templated":true}]}}