{"id":18545,"date":"2025-06-13T17:07:42","date_gmt":"2025-06-13T15:07:42","guid":{"rendered":"https:\/\/quickenergy.at\/?post_type=product&#038;p=18545"},"modified":"2025-09-30T15:11:29","modified_gmt":"2025-09-30T13:11:29","slug":"river-2-pro","status":"publish","type":"product","link":"https:\/\/quickenergy.at\/en\/produkt\/river-2-pro\/","title":{"rendered":"EcoFlow Powerstation River 2 PRO"},"content":{"rendered":"<h3 data-start=\"406\" data-end=\"433\"><strong data-start=\"410\" data-end=\"433\"><span dir=\"auto\" style=\"vertical-align: inherit;\"><span dir=\"auto\" style=\"vertical-align: inherit;\">Produktbeschreibung<\/span><\/span><\/strong><\/h3>\n<h4 data-start=\"435\" data-end=\"466\"><strong data-start=\"440\" data-end=\"464\"><span dir=\"auto\" style=\"vertical-align: inherit;\"><span dir=\"auto\" style=\"vertical-align: inherit;\">Produkteigenschaften<\/span><\/span><\/strong><\/h4>\n<p data-start=\"467\" data-end=\"507\"><strong data-start=\"467\" data-end=\"505\"><span dir=\"auto\" style=\"vertical-align: inherit;\"><span dir=\"auto\" style=\"vertical-align: inherit;\">Leistungsstark im kompakten Format<\/span><\/span><\/strong><\/p>\n<ul data-start=\"508\" data-end=\"843\">\n<li data-start=\"508\" data-end=\"656\">\n<p data-start=\"510\" data-end=\"656\"><strong data-start=\"510\" data-end=\"523\"><span dir=\"auto\" style=\"vertical-align: inherit;\"><span dir=\"auto\" style=\"vertical-align: inherit;\">Leistung:<\/span><\/span><\/strong><span dir=\"auto\" style=\"vertical-align: inherit;\"><span dir=\"auto\" style=\"vertical-align: inherit;\"> 800W Dauerleistung (bis zu 1600W Spitzenleistung mit X-Boost) \u2013 ideal f\u00fcr Laptops, K\u00fchlboxen, Router, kleine K\u00fcchenger\u00e4te und vieles mehr.<\/span><\/span><\/p>\n<\/li>\n<li data-start=\"657\" data-end=\"729\">\n<p data-start=\"659\" data-end=\"729\"><strong data-start=\"659\" data-end=\"673\"><span dir=\"auto\" style=\"vertical-align: inherit;\"><span dir=\"auto\" style=\"vertical-align: inherit;\">Kapazit\u00e4t:<\/span><\/span><\/strong><span dir=\"auto\" style=\"vertical-align: inherit;\"><span dir=\"auto\" style=\"vertical-align: inherit;\"> 768Wh \u2013 versorgt Ihre wichtigsten Ger\u00e4te stundenlang mit Energie.<\/span><\/span><\/p>\n<\/li>\n<li data-start=\"730\" data-end=\"843\">\n<p data-start=\"732\" data-end=\"843\"><strong data-start=\"732\" data-end=\"752\"><span dir=\"auto\" style=\"vertical-align: inherit;\"><span dir=\"auto\" style=\"vertical-align: inherit;\">Schnellladung:<\/span><\/span><\/strong><span dir=\"auto\" style=\"vertical-align: inherit;\"><span dir=\"auto\" style=\"vertical-align: inherit;\"> 0\u2013100% in nur 70 Minuten \u00fcber die Steckdose \u2013 5x schneller als herk\u00f6mmliche Powerstations.<\/span><\/span><\/p>\n<\/li>\n<\/ul>\n<h4 data-start=\"845\" data-end=\"870\"><strong data-start=\"850\" data-end=\"868\"><span dir=\"auto\" style=\"vertical-align: inherit;\"><span dir=\"auto\" style=\"vertical-align: inherit;\">Leicht &amp; mobil<\/span><\/span><\/strong><\/h4>\n<ul data-start=\"871\" data-end=\"1087\">\n<li data-start=\"871\" data-end=\"903\">\n<p data-start=\"873\" data-end=\"903\"><strong data-start=\"873\" data-end=\"882\"><span dir=\"auto\" style=\"vertical-align: inherit;\"><span dir=\"auto\" style=\"vertical-align: inherit;\">Abmessungen:<\/span><\/span><\/strong><span dir=\"auto\" style=\"vertical-align: inherit;\"><span dir=\"auto\" style=\"vertical-align: inherit;\"> 270 x 260 x 226 mm<\/span><\/span><\/p>\n<\/li>\n<li data-start=\"904\" data-end=\"931\">\n<p data-start=\"906\" data-end=\"931\"><strong data-start=\"906\" data-end=\"918\"><span dir=\"auto\" style=\"vertical-align: inherit;\"><span dir=\"auto\" style=\"vertical-align: inherit;\">Gewicht:<\/span><\/span><\/strong><span dir=\"auto\" style=\"vertical-align: inherit;\"><span dir=\"auto\" style=\"vertical-align: inherit;\"> ca. 7,8 kg<\/span><\/span><\/p>\n<\/li>\n<li data-start=\"932\" data-end=\"1021\">\n<p data-start=\"934\" data-end=\"1021\"><strong data-start=\"934\" data-end=\"945\"><span dir=\"auto\" style=\"vertical-align: inherit;\"><span dir=\"auto\" style=\"vertical-align: inherit;\">Design:<\/span><\/span><\/strong><span dir=\"auto\" style=\"vertical-align: inherit;\"><span dir=\"auto\" style=\"vertical-align: inherit;\"> Kompakt, robust und tragbar \u2013 perfekt f\u00fcr Reisen, Vanlife oder Festivals.<\/span><\/span><\/p>\n<\/li>\n<li data-start=\"1022\" data-end=\"1087\">\n<p data-start=\"1024\" data-end=\"1087\"><strong data-start=\"1024\" data-end=\"1039\"><span dir=\"auto\" style=\"vertical-align: inherit;\"><span dir=\"auto\" style=\"vertical-align: inherit;\">Tragegriff:<\/span><\/span><\/strong><span dir=\"auto\" style=\"vertical-align: inherit;\"><span dir=\"auto\" style=\"vertical-align: inherit;\"> Integriert f\u00fcr einfachen Transport \u00fcberallhin.<\/span><\/span><\/p>\n<\/li>\n<\/ul>\n<h4 data-start=\"1089\" data-end=\"1132\"><strong data-start=\"1094\" data-end=\"1130\"><span dir=\"auto\" style=\"vertical-align: inherit;\"><span dir=\"auto\" style=\"vertical-align: inherit;\">Vielseitige Einsatzm\u00f6glichkeiten<\/span><\/span><\/strong><\/h4>\n<ul data-start=\"1133\" data-end=\"1445\">\n<li data-start=\"1133\" data-end=\"1267\">\n<p data-start=\"1135\" data-end=\"1267\"><strong data-start=\"1135\" data-end=\"1150\"><span dir=\"auto\" style=\"vertical-align: inherit;\"><span dir=\"auto\" style=\"vertical-align: inherit;\">Anschl\u00fcsse:<\/span><\/span><\/strong><span dir=\"auto\" style=\"vertical-align: inherit;\"><span dir=\"auto\" style=\"vertical-align: inherit;\"> 3x AC-Steckdosen, 2x USB-A, 1x USB-C (100W), 1x Kfz-Steckdose, 2x DC5521 \u2013 f\u00fcr alle g\u00e4ngigen Ger\u00e4te und Szenarien.<\/span><\/span><\/p>\n<\/li>\n<li data-start=\"1268\" data-end=\"1354\">\n<p data-start=\"1270\" data-end=\"1354\"><strong data-start=\"1270\" data-end=\"1285\"><span dir=\"auto\" style=\"vertical-align: inherit;\"><span dir=\"auto\" style=\"vertical-align: inherit;\">Solarf\u00e4hig:<\/span><\/span><\/strong><span dir=\"auto\" style=\"vertical-align: inherit;\"><span dir=\"auto\" style=\"vertical-align: inherit;\"> Kompatibel mit Solarpanelen (max. 220W) \u2013 ideal f\u00fcr autarkes Leben.<\/span><\/span><\/p>\n<\/li>\n<li data-start=\"1355\" data-end=\"1445\">\n<p data-start=\"1357\" data-end=\"1445\"><strong data-start=\"1357\" data-end=\"1375\"><span dir=\"auto\" style=\"vertical-align: inherit;\"><span dir=\"auto\" style=\"vertical-align: inherit;\">App-Steuerung:<\/span><\/span><\/strong><span dir=\"auto\" style=\"vertical-align: inherit;\"><span dir=\"auto\" style=\"vertical-align: inherit;\"> \u00dcberwachung von Ladezustand und Energieverbrauch bequem per Smartphone-App.<\/span><\/span><\/p>\n<\/li>\n<\/ul>\n<h4 data-start=\"1447\" data-end=\"1491\"><strong data-start=\"1452\" data-end=\"1489\"><span dir=\"auto\" style=\"vertical-align: inherit;\"><span dir=\"auto\" style=\"vertical-align: inherit;\">Warum diese Powerstation w\u00e4hlen?<\/span><\/span><\/strong><\/h4>\n<p data-start=\"1492\" data-end=\"1743\"><span dir=\"auto\" style=\"vertical-align: inherit;\"><span dir=\"auto\" style=\"vertical-align: inherit;\">Die <\/span><\/span><strong data-start=\"1496\" data-end=\"1511\"><span dir=\"auto\" style=\"vertical-align: inherit;\"><span dir=\"auto\" style=\"vertical-align: inherit;\">River 2 PRO<\/span><\/span><\/strong><span dir=\"auto\" style=\"vertical-align: inherit;\"><span dir=\"auto\" style=\"vertical-align: inherit;\"> ist die perfekte Kombination aus Mobilit\u00e4t, Leistung und Benutzerfreundlichkeit. Ob bei einem Stromausfall zu Hause, beim Camping am Wochenende oder unterwegs im Van \u2013 diese Powerstation liefert zuverl\u00e4ssig Energie, wann immer Sie sie brauchen.<\/span><\/span><\/p>\n<hr data-start=\"2123\" data-end=\"2126\" \/>\n","protected":false},"excerpt":{"rendered":"<p data-start=\"239\" data-end=\"399\"><span dir=\"auto\" style=\"vertical-align: inherit;\"><span dir=\"auto\" style=\"vertical-align: inherit;\">Kompakte 800W Powerstation mit 768Wh Kapazit\u00e4t, ultraschnellem Laden und vielseitigen Anschl\u00fcssen \u2013 ideal f\u00fcr Outdoor-Eins\u00e4tze, Camping oder als Notstroml\u00f6sung zu Hause.<\/span><\/span><\/p>\n<p data-start=\"239\" data-end=\"399\">Die <strong data-start=\"68\" data-end=\"91\">EcoFlow River 2 Pro<\/strong> verf\u00fcgt \u00fcber eine <strong data-start=\"110\" data-end=\"134\">Kapazit\u00e4t von 768 Wh<\/strong> mit moderner LFP-Batterietechnologie. Sie liefert eine <strong data-start=\"190\" data-end=\"231\">dauerhafte Ausgangsleistung von 800 W<\/strong>, die sich dank X-Boost bei Bedarf auf bis zu <strong data-start=\"277\" data-end=\"304\">1.600 W Spitzenleistung<\/strong> erh\u00f6hen l\u00e4sst. Geladen wird sie flexibel \u2013 \u00fcber das Stromnetz mit bis zu <strong data-start=\"378\" data-end=\"387\">940 W<\/strong>, \u00fcber Solarmodule mit bis zu <strong data-start=\"417\" data-end=\"426\">220 W<\/strong> oder \u00fcber USB-C mit maximal <strong data-start=\"455\" data-end=\"464\">100 W<\/strong>.<\/p>\n","protected":false},"featured_media":18550,"template":"","meta":[],"product_brand":[],"product_cat":[121],"product_tag":[],"class_list":{"0":"post-18545","1":"product","2":"type-product","3":"status-publish","4":"has-post-thumbnail","6":"product_cat-stromspeicher-ecoflow","8":"first","9":"instock","10":"taxable","11":"shipping-taxable","12":"purchasable","13":"product-type-simple"},"_links":{"self":[{"href":"https:\/\/quickenergy.at\/en\/wp-json\/wp\/v2\/product\/18545","targetHints":{"allow":["GET"]}}],"collection":[{"href":"https:\/\/quickenergy.at\/en\/wp-json\/wp\/v2\/product"}],"about":[{"href":"https:\/\/quickenergy.at\/en\/wp-json\/wp\/v2\/types\/product"}],"version-history":[{"count":8,"href":"https:\/\/quickenergy.at\/en\/wp-json\/wp\/v2\/product\/18545\/revisions"}],"predecessor-version":[{"id":21970,"href":"https:\/\/quickenergy.at\/en\/wp-json\/wp\/v2\/product\/18545\/revisions\/21970"}],"wp:featuredmedia":[{"embeddable":true,"href":"https:\/\/quickenergy.at\/en\/wp-json\/wp\/v2\/media\/18550"}],"wp:attachment":[{"href":"https:\/\/quickenergy.at\/en\/wp-json\/wp\/v2\/media?parent=18545"}],"wp:term":[{"taxonomy":"product_brand","embeddable":true,"href":"https:\/\/quickenergy.at\/en\/wp-json\/wp\/v2\/product_brand?post=18545"},{"taxonomy":"product_cat","embeddable":true,"href":"https:\/\/quickenergy.at\/en\/wp-json\/wp\/v2\/product_cat?post=18545"},{"taxonomy":"product_tag","embeddable":true,"href":"https:\/\/quickenergy.at\/en\/wp-json\/wp\/v2\/product_tag?post=18545"}],"curies":[{"name":"wp","href":"https:\/\/api.w.org\/{rel}","templated":true}]}}